{"id":2060,"date":"2022-04-04T16:21:37","date_gmt":"2022-04-04T16:21:37","guid":{"rendered":"https:\/\/www.lidergest.pt\/services\/services-de-consultation\/"},"modified":"2022-04-15T18:09:12","modified_gmt":"2022-04-15T18:09:12","slug":"services-de-consultation","status":"publish","type":"page","link":"https:\/\/www.lidergest.pt\/fr\/services\/services-de-consultation\/","title":{"rendered":"Services de consultation"},"content":{"rendered":"<p><div class=\"fusion-bg-parallax\" data-bg-align=\"center center\" data-direction=\"up\" data-mute=\"false\" data-opacity=\"100\" data-velocity=\"-0.4\" data-mobile-enabled=\"false\" data-break_parents=\"0\" data-bg-image=\"https:\/\/www.lidergest.pt\/wp-content\/uploads\/2022\/03\/Foto-140-1-scaled.jpg\" data-bg-repeat=\"false\" ><\/div><div class=\"fusion-fullwidth fullwidth-box fusion-builder-row-1 fusion-flex-container fusion-parallax-up nonhundred-percent-fullwidth non-hundred-percent-height-scrolling lazyload\" style=\"background-color: rgba(255,255,255,0);background-position: center center;background-repeat: no-repeat;border-width: 0px 0px 0px 0px;border-color:var(--awb-color3);border-style:solid;-webkit-background-size:cover;-moz-background-size:cover;-o-background-size:cover;background-size:cover;\" data-bg=\"https:\/\/www.lidergest.pt\/wp-content\/uploads\/2022\/03\/Foto-140-1-scaled.jpg\" ><div class=\"fusion-builder-row fusion-row fusion-flex-align-items-flex-start\" style=\"max-width:calc( 1170px + 0px );margin-left: calc(-0px \/ 2 );margin-right: calc(-0px \/ 2 );\"><div class=\"fusion-layout-column fusion_builder_column fusion-builder-column-0 fusion_builder_column_1_1 1_1 fusion-flex-column\"><div class=\"fusion-column-wrapper fusion-flex-justify-content-flex-start fusion-content-layout-column\" style=\"background-position:left top;background-blend-mode: overlay;background-repeat:no-repeat;-webkit-background-size:cover;-moz-background-size:cover;-o-background-size:cover;background-size:cover;padding: 0px 0px 0px 0px;\"><style type=\"text\/css\">@media only screen and (max-width:1024px) {.fusion-title.fusion-title-1{margin-top:50px!important; margin-right:0px!important;margin-bottom:30px!important;margin-left:0px!important;}}@media only screen and (max-width:640px) {.fusion-title.fusion-title-1{margin-top:0px!important; margin-right:0px!important;margin-bottom:20px!important; margin-left:0px!important;}}<\/style><div class=\"fusion-title title fusion-title-1 fusion-sep-none fusion-title-center fusion-title-text fusion-title-size-one\" style=\"margin-top:50px;margin-right:0px;margin-bottom:30px;margin-left:0px;\"><h1 class=\"title-heading-center fusion-responsive-typography-calculated\" style=\"margin:0;color:var(--awb-color1);--fontSize:46;line-height:var(--awb-typography1-line-height);\"><span style=\"color: var(--awb-color4);\">Services de consultation<\/span><\/h1><\/div><div class=\"fusion-separator fusion-full-width-sep\" style=\"align-self: center;margin-left: auto;margin-right: auto;margin-top:40px;width:100%;\"><\/div><a class=\"fb-icon-element-1 fb-icon-element fontawesome-icon awb-health-chevron-down circle-no fusion-animated fusion-link fusion-one-page-text-link\" style=\"font-size:70px;margin: 0px;\" data-animationType=\"fadeInUp\" data-animationDuration=\"0.6\" data-animationOffset=\"top-into-view\" href=\"#contact\" aria-label=\"Link to #contact\" target=\"_self\"><\/a><style>a.fb-icon-element.fontawesome-icon.fb-icon-element-1{ color: var(--awb-color1);}a.fb-icon-element.fontawesome-icon.fb-icon-element-1:hover { color: var(--awb-color1);}a.fb-icon-element.fontawesome-icon.fb-icon-element-1{ align-self:center;}<\/style><\/div><style type=\"text\/css\">.fusion-body .fusion-builder-column-0{width:100% !important;margin-top : 0px;margin-bottom : 30px;}.fusion-builder-column-0 > .fusion-column-wrapper {padding-top : 0px !important;padding-right : 0px !important;margin-right : 0px;padding-bottom : 0px !important;padding-left : 0px !important;margin-left : 0px;}@media only screen and (max-width:1024px) {.fusion-body .fusion-builder-column-0{width:100% !important;}.fusion-builder-column-0 > .fusion-column-wrapper {margin-right : 0px;margin-left : 0px;}}@media only screen and (max-width:640px) {.fusion-body .fusion-builder-column-0{width:100% !important;}.fusion-builder-column-0 > .fusion-column-wrapper {margin-right : 0px;margin-left : 0px;}}<\/style><\/div><\/div><style type=\"text\/css\">.fusion-body .fusion-flex-container.fusion-builder-row-1{ padding-top : 10%;margin-top : 0px;padding-right : 5%;padding-bottom : 10%;margin-bottom : 0px;padding-left : 5%;}<\/style><\/div><div id=\"contact\"><div class=\"fusion-fullwidth fullwidth-box fusion-builder-row-2 fusion-flex-container hundred-percent-fullwidth non-hundred-percent-height-scrolling\" style=\"background-color: rgba(255,255,255,0);background-position: left top;background-repeat: no-repeat;border-width: 0px 0px 0px 0px;border-color:var(--awb-color3);border-style:solid;\" ><div class=\"fusion-builder-row fusion-row fusion-flex-align-items-stretch\" style=\"width:104% !important;max-width:104% !important;margin-left: calc(-4% \/ 2 );margin-right: calc(-4% \/ 2 );\"><div class=\"fusion-layout-column fusion_builder_column fusion-builder-column-1 fusion_builder_column_3_5 3_5 fusion-flex-column\"><div class=\"fusion-column-wrapper fusion-flex-justify-content-flex-start fusion-content-layout-column\" style=\"background-position:left top;background-blend-mode: overlay;background-repeat:no-repeat;-webkit-background-size:cover;-moz-background-size:cover;-o-background-size:cover;background-size:cover;padding: 100px 10% 100px 10%;\"><style type=\"text\/css\">@media only screen and (max-width:1024px) {.fusion-title.fusion-title-2{margin-top:0px!important; margin-right:0px!important;margin-bottom:50px!important;margin-left:0px!important;}}@media only screen and (max-width:640px) {.fusion-title.fusion-title-2{margin-top:0px!important; margin-right:0px!important;margin-bottom:20px!important; margin-left:0px!important;}}<\/style><div class=\"fusion-title title fusion-title-2 fusion-sep-none fusion-title-text fusion-title-size-two\" style=\"margin-top:0px;margin-right:0px;margin-bottom:50px;margin-left:0px;\"><h2 class=\"title-heading-left fusion-responsive-typography-calculated\" style=\"margin:0;--fontSize:46;line-height:1.25;\"><strong>Services de consultation<\/strong><\/h2><\/div><div class=\"fusion-text fusion-text-1\"><p>Nous vivons \u00e0 une \u00e9poque o\u00f9 le changement se produit \u00e0 une vitesse vertigineuse, ce qui rend essentiel d\u2019\u00e9voluer rapidement et d\u2019adapter les pratiques de gestion \u00e0 la r\u00e9alit\u00e9 des march\u00e9s et des organisations. Une gestion agile et innovante est de plus en plus n\u00e9cessaire pour assurer la comp\u00e9titivit\u00e9 de l\u2019entreprise vis-\u00e0-vis de ses concurrents.<\/p>\n<p>Lidergest dispose d\u2019un r\u00e9seau de partenaires hautement sp\u00e9cialis\u00e9s et exp\u00e9riment\u00e9s, pr\u00eats \u00e0 apporter une r\u00e9ponse multidisciplinaire aux besoins des entreprises \u00e0 diff\u00e9rents niveaux :<\/p>\n<p>SERVICES JURIDIQUES<br \/>\nDiff\u00e9rents besoins n\u00e9cessitent des sp\u00e9cialit\u00e9s diff\u00e9rentes. Tout au long de nos 16 ann\u00e9es d\u2019activit\u00e9, nous avons d\u00e9velopp\u00e9 des partenariats avec des cabinets d\u2019avocats sp\u00e9cialis\u00e9s et exp\u00e9riment\u00e9s dans les domaines juridiques les plus vari\u00e9s. Gr\u00e2ce \u00e0 la vision int\u00e9gr\u00e9e que nous avons de nos clients, nous identifions et conseillons les experts capables de donner la meilleure r\u00e9ponse aux besoins de chaque client, \u00e0 chaque \u00e9tape de son investissement.<\/p>\n<p>FISCALIT\u00c9 DES ENTREPRISES ET FISCALIT\u00c9 INTERNATIONALE<br \/>\nEn raison de la complexit\u00e9 croissante et des tendances r\u00e9glementaires, la bonne gestion du fardeau fiscal est de plus en plus difficile pour toute entreprise, n\u00e9cessitant une surveillance sp\u00e9cialis\u00e9e et continue \u00e0 la fois localement et internationalement.<\/p>\n<p>RAPPORT ET STRAT\u00c9GIE FISCALE<br \/>\nLe non-respect des obligations fiscales expose l\u2019entreprise \u00e0 des risques financiers et de r\u00e9putation \u00e9lev\u00e9s, avec des impacts qui peuvent s\u2019av\u00e9rer dommageables. Un conseil appropri\u00e9 permet de repenser la fonction fiscale gr\u00e2ce \u00e0 l\u2019utilisation d\u2019outils fiscaux num\u00e9riques qui assurent le respect des obligations fiscales et la base n\u00e9cessaire \u00e0 la d\u00e9finition d\u2019une strat\u00e9gie fiscale efficace et \u00e0 un suivi constant du plan esquiss\u00e9.<\/p>\n<p>PRIX DE TRANSFERT<br \/>\nLa mondialisation entra\u00eene une augmentation des transactions entre les entreprises op\u00e9rant dans diff\u00e9rentes juridictions, ce qui fait des r\u00e8gles de prix de transfert de plus en plus au centre des pr\u00e9occupations des administrations fiscales, de sorte que leur suivi est extr\u00eamement pertinent. Lidergest fait appel \u00e0 des experts en transactions nationales et internationales capables d\u2019analyser les relations intragroupe et de pr\u00e9parer leur dossier de prix de transfert, en tenant compte des exigences de juridictions fiscales diff\u00e9rentes et souvent chevauchables.<\/p>\n<p>FINANCE D\u2019ENTREPRISE<br \/>\nNos partenaires fournissent des services de soutien pour la structuration des sources de financement des entreprises, le capital de l\u2019entreprise et les d\u00e9cisions de gestion afin de cr\u00e9er de la valeur pour les actionnaires. Les entreprises, les fonds, le private equity, les family offices et les investissements priv\u00e9s peuvent compter sur un accompagnement sp\u00e9cialis\u00e9 dans leurs principaux d\u00e9fis financiers, de l\u2019examen assertif du portefeuille d\u2019actifs \u00e0 la structuration des processus d\u2019allocation du capital en passant par l\u2019analyse du plan financier pour soutenir la d\u00e9cision la plus appropri\u00e9e.<\/p>\n<p>RESTRUCTURATION<br \/>\nLa restructuration est un d\u00e9fi exigeant pour une organisation lorsque la performance de l\u2019entreprise est sous-performante et que les difficult\u00e9s financi\u00e8res augmentent, un d\u00e9fi qui va bien au-del\u00e0 de la gestion quotidienne d\u2019une entreprise. Lidergest collabore avec des sp\u00e9cialistes des processus de restructuration dans des situations critiques et complexes, qui conduisent \u00e0 une transformation profonde de la fa\u00e7on de faire des affaires et maximisent le succ\u00e8s des cr\u00e9anciers, des gestionnaires et des actionnaires dans le recouvrement du capital investi et la r\u00e9duction de leur exposition au risque.<\/p>\n<p>TRANSACTION SERVICES<br \/>\nLa croissance organique par le biais de fusions et d\u2019acquisitions s\u2019est av\u00e9r\u00e9e de plus en plus strat\u00e9gique pour le succ\u00e8s mondial des organisations. Lidergest dispose de partenaires sp\u00e9cialis\u00e9s qui aident \u00e0 prendre les d\u00e9cisions appropri\u00e9es au cours de la transaction, fournissant une compr\u00e9hension plus approfondie de l\u2019entreprise, des risques associ\u00e9s et des opportunit\u00e9s que la transaction peut repr\u00e9senter strat\u00e9giquement, ainsi qu\u2019une aide au d\u00e9fi de la gestion post-acquisition. Les services comprennent, entre autres, le soutien dans les processus buy-side et sell-side, les fusions et acquisitions et l\u2019\u00e9valuation et la mod\u00e9lisation<\/p>\n<p>CONSEIL EN GESTION ET INNOVATION<br \/>\nDe nos jours, les changements se produisent \u00e0 une vitesse vertigineuse, n\u00e9cessitant une \u00e9volution rapide et un d\u00e9calage avec des pratiques de gestion qui peuvent s\u2019av\u00e9rer inadapt\u00e9es \u00e0 la r\u00e9alit\u00e9 actuelle des organisations. Une gestion agile et innovante est de plus en plus n\u00e9cessaire pour assurer la comp\u00e9titivit\u00e9 de l\u2019entreprise vis-\u00e0-vis de ses concurrents. Avec Lidergest et nos partenaires, vous pouvez compter sur une ligne de services sp\u00e9cialis\u00e9s dans le d\u00e9veloppement et la croissance des organisations \u00e0 travers des solutions strat\u00e9giques de diff\u00e9renciation et d\u2019innovation commerciale, ainsi que le d\u00e9veloppement de mod\u00e8les d\u2019affaires centr\u00e9s sur le client, la refonte des mod\u00e8les d\u2019affaires op\u00e9rationnels au niveau logistique, la segmentation de la client\u00e8le, la technologie, le contr\u00f4le interne,  les ressources humaines, entre autres.<\/p>\n<p>AUDIT<br \/>\nL\u2019audit est un pilier cl\u00e9 pour donner confiance aux lecteurs des \u00e9tats financiers d\u2019une soci\u00e9t\u00e9, servant l\u2019int\u00e9r\u00eat public dans les march\u00e9s et les affaires, afin d\u2019acc\u00e9l\u00e9rer la croissance \u00e9conomique de mani\u00e8re durable. Nos partenaires fournissent des services d\u2019audit sp\u00e9cialis\u00e9s, d\u00e9velopp\u00e9s par des \u00e9quipes multidisciplinaires gr\u00e2ce \u00e0 une approche num\u00e9rique et efficace, ajoutant de la valeur aux rapports financiers et offrant des conseils de gestion continus tout au long de l\u2019ann\u00e9e.<\/p>\n<p>ASSURANCE<br \/>\nLe processus d\u00e9cisif est de plus en plus une t\u00e2che difficile et pr\u00e9pond\u00e9rante, o\u00f9 les erreurs paient cher. L\u2019information doit \u00eatre fiable, pertinente et compl\u00e8te afin que la direction puisse prendre les d\u00e9cisions d\u2019affaires appropri\u00e9es afin d\u2019att\u00e9nuer le risque encouru et d\u2019am\u00e9liorer son rendement. Nos partenaires offrent une excellence technique et une approche approfondie des questions complexes, garantissant la confiance dans les informations o\u00f9 des incertitudes existent et allant au-del\u00e0 de ce qui est couvert dans un audit des \u00e9tats financiers.<\/p>\n<p>V\u00c9RIFICATION JUDICIAIRE<br \/>\nLe succ\u00e8s des organisations d\u00e9pend aujourd\u2019hui beaucoup de leur r\u00e9putation et de la mani\u00e8re \u00e9thique dont elles op\u00e8rent devant le march\u00e9, devant leurs employ\u00e9s et leurs parties prenantes. Cependant, les entreprises op\u00e8rent constamment sous la menace des facteurs du triangle de la fraude d\u2019entreprise: pression, opportunit\u00e9 et rationalisation. Lidergest collabore avec des experts en mati\u00e8re de technologie \u00e9conomique, financi\u00e8re et m\u00e9dico-l\u00e9gale, d\u00e9di\u00e9s \u00e0 aider ses clients dans les litiges et les enqu\u00eates sur les soup\u00e7ons de fraude d\u2019actes conscients ou volontaires, aidant ses conseillers juridiques \u00e0 v\u00e9rifier les faits rapidement et de mani\u00e8re concise.<\/p>\n<p>PROJETS D\u2019INVESTISSEMENT<br \/>\nComptez sur nos partenaires pour l\u2019analyse du risque de cr\u00e9dit, la pr\u00e9paration du plan d\u2019affaires et les \u00e9tudes de faisabilit\u00e9 \u00e9conomique et financi\u00e8re, le conseil et le suivi des sources de financement ainsi que la pr\u00e9paration des demandes de syst\u00e8mes d\u2019incitation.<\/p>\n<\/div><\/div><style type=\"text\/css\">.fusion-body .fusion-builder-column-1{width:60% !important;margin-top : 0px;margin-bottom : 0px;}.fusion-builder-column-1 > .fusion-column-wrapper {padding-top : 100px !important;padding-right : 10% !important;margin-right : 3.84%;padding-bottom : 100px !important;padding-left : 10% !important;margin-left : 3.2%;}@media only screen and (max-width:1024px) {.fusion-body .fusion-builder-column-1{width:100% !important;}.fusion-builder-column-1 > .fusion-column-wrapper {margin-right : 1.92%;margin-left : 1.92%;}}@media only screen and (max-width:640px) {.fusion-body .fusion-builder-column-1{width:100% !important;}.fusion-builder-column-1 > .fusion-column-wrapper {margin-right : 1.92%;margin-left : 1.92%;}}<\/style><\/div><div class=\"fusion-layout-column fusion_builder_column fusion-builder-column-2 fusion_builder_column_2_5 2_5 fusion-flex-column\"><div class=\"fusion-column-wrapper fusion-flex-justify-content-flex-start fusion-content-layout-column\" style=\"background-position:left top;background-repeat:no-repeat;-webkit-background-size:cover;-moz-background-size:cover;-o-background-size:cover;background-size:cover;background-color:var(--awb-color2);padding: 100px 10% 100px 10%;\"><div class=\"fusion-widget-area fusion-widget-area-1 fusion-content-widget-area\"><style type=\"text\/css\">.fusion-widget-area-1 {padding:0px 0px 0px 0px;}.fusion-widget-area-1 .widget h4 {color:var(--awb-color7);}.fusion-widget-area-1 .widget .heading h4 {color:var(--awb-color7);}.fusion-widget-area-1 .widget h4 {font-size:18px;}.fusion-widget-area-1 .widget .heading h4 {font-size:18px;}<\/style><div class=\"fusion-additional-widget-content\"><\/div><\/div><\/div><style type=\"text\/css\">.fusion-body .fusion-builder-column-2{width:40% !important;margin-top : 50px;margin-bottom : 50px;}.fusion-builder-column-2 > .fusion-column-wrapper {padding-top : 100px !important;padding-right : 10% !important;margin-right : 4.8%;padding-bottom : 100px !important;padding-left : 10% !important;margin-left : 3.84%;}@media only screen and (max-width:1024px) {.fusion-body .fusion-builder-column-2{width:100% !important;order : 0;}.fusion-builder-column-2 > .fusion-column-wrapper {margin-right : 1.92%;margin-left : 1.92%;}}@media only screen and (max-width:640px) {.fusion-body .fusion-builder-column-2{width:100% !important;order : 0;}.fusion-builder-column-2 > .fusion-column-wrapper {margin-right : 1.92%;margin-left : 1.92%;}}<\/style><\/div><\/div><style type=\"text\/css\">.fusion-body .fusion-flex-container.fusion-builder-row-2{ padding-top : 0px;margin-top : 0px;padding-right : 0px;padding-bottom : 0px;margin-bottom : 0px;padding-left : 0px;}<\/style><\/div><\/div><div id=\"contact\"><div class=\"fusion-fullwidth fullwidth-box fusion-builder-row-3 fusion-flex-container hundred-percent-fullwidth non-hundred-percent-height-scrolling\" style=\"background-color: rgba(255,255,255,0);background-position: left top;background-repeat: no-repeat;border-width: 0px 0px 0px 0px;border-color:var(--awb-color3);border-style:solid;\" ><div class=\"fusion-builder-row fusion-row fusion-flex-align-items-stretch\" style=\"width:104% !important;max-width:104% !important;margin-left: calc(-4% \/ 2 );margin-right: calc(-4% \/ 2 );\"><div class=\"fusion-layout-column fusion_builder_column fusion-builder-column-3 fusion_builder_column_3_5 3_5 fusion-flex-column\"><div class=\"fusion-column-wrapper fusion-flex-justify-content-flex-start fusion-content-layout-column\" style=\"background-position:left top;background-blend-mode: overlay;background-repeat:no-repeat;-webkit-background-size:cover;-moz-background-size:cover;-o-background-size:cover;background-size:cover;padding: 100px 10% 100px 10%;\"><div ><style>.fusion-button.button-1{border-radius:2px 2px 2px 2px;}<\/style><a class=\"fusion-button button-flat fusion-button-default-size button-default button-1 fusion-button-default-span fusion-button-default-type\" target=\"_self\" href=\"https:\/\/www.lidergest.pt\/fr\/contacts\/\" style=\"width:calc(100%);\"><span class=\"fusion-button-text\">Contactez-nous pour plus d\u2019informations<\/span><\/a><\/div><\/div><style type=\"text\/css\">.fusion-body .fusion-builder-column-3{width:60% !important;margin-top : 0px;margin-bottom : 0px;}.fusion-builder-column-3 > .fusion-column-wrapper {padding-top : 100px !important;padding-right : 10% !important;margin-right : 3.84%;padding-bottom : 100px !important;padding-left : 10% !important;margin-left : 3.2%;}@media only screen and (max-width:1024px) {.fusion-body .fusion-builder-column-3{width:100% !important;}.fusion-builder-column-3 > .fusion-column-wrapper {margin-right : 1.92%;margin-left : 1.92%;}}@media only screen and (max-width:640px) {.fusion-body .fusion-builder-column-3{width:100% !important;}.fusion-builder-column-3 > .fusion-column-wrapper {margin-right : 1.92%;margin-left : 1.92%;}}<\/style><\/div><\/div><style type=\"text\/css\">.fusion-body .fusion-flex-container.fusion-builder-row-3{ padding-top : 0px;margin-top : 0px;padding-right : 0px;padding-bottom : 0px;margin-bottom : 0px;padding-left : 0px;}<\/style><\/div><\/div><\/p>\n","protected":false},"excerpt":{"rendered":"","protected":false},"author":1,"featured_media":0,"parent":2004,"menu_order":6,"comment_status":"closed","ping_status":"closed","template":"100-width.php","meta":{"footnotes":""},"class_list":["post-2060","page","type-page","status-publish","hentry"],"_links":{"self":[{"href":"https:\/\/www.lidergest.pt\/fr\/wp-json\/wp\/v2\/pages\/2060","targetHints":{"allow":["GET"]}}],"collection":[{"href":"https:\/\/www.lidergest.pt\/fr\/wp-json\/wp\/v2\/pages"}],"about":[{"href":"https:\/\/www.lidergest.pt\/fr\/wp-json\/wp\/v2\/types\/page"}],"author":[{"embeddable":true,"href":"https:\/\/www.lidergest.pt\/fr\/wp-json\/wp\/v2\/users\/1"}],"replies":[{"embeddable":true,"href":"https:\/\/www.lidergest.pt\/fr\/wp-json\/wp\/v2\/comments?post=2060"}],"version-history":[{"count":2,"href":"https:\/\/www.lidergest.pt\/fr\/wp-json\/wp\/v2\/pages\/2060\/revisions"}],"predecessor-version":[{"id":2062,"href":"https:\/\/www.lidergest.pt\/fr\/wp-json\/wp\/v2\/pages\/2060\/revisions\/2062"}],"up":[{"embeddable":true,"href":"https:\/\/www.lidergest.pt\/fr\/wp-json\/wp\/v2\/pages\/2004"}],"wp:attachment":[{"href":"https:\/\/www.lidergest.pt\/fr\/wp-json\/wp\/v2\/media?parent=2060"}],"curies":[{"name":"wp","href":"https:\/\/api.w.org\/{rel}","templated":true}]}}