{"id":2051,"date":"2022-04-04T16:20:43","date_gmt":"2022-04-04T16:20:43","guid":{"rendered":"https:\/\/www.lidergest.pt\/services\/services-de-relocalisation\/"},"modified":"2023-09-21T17:02:51","modified_gmt":"2023-09-21T17:02:51","slug":"services-de-relocalisation","status":"publish","type":"page","link":"https:\/\/www.lidergest.pt\/fr\/services\/services-de-relocalisation\/","title":{"rendered":"Services de relocalisation"},"content":{"rendered":"<p><div class=\"fusion-bg-parallax\" data-bg-align=\"center center\" data-direction=\"up\" data-mute=\"false\" data-opacity=\"100\" data-velocity=\"-0.4\" data-mobile-enabled=\"false\" data-break_parents=\"0\" data-bg-image=\"https:\/\/www.lidergest.pt\/wp-content\/uploads\/2022\/05\/city-g2b8ac808f_1920.jpg\" data-bg-repeat=\"false\" ><\/div><div class=\"fusion-fullwidth fullwidth-box fusion-builder-row-1 fusion-flex-container fusion-parallax-up nonhundred-percent-fullwidth non-hundred-percent-height-scrolling lazyload\" style=\"background-color: rgba(255,255,255,0);background-position: center center;background-repeat: no-repeat;border-width: 0px 0px 0px 0px;border-color:var(--awb-color3);border-style:solid;-webkit-background-size:cover;-moz-background-size:cover;-o-background-size:cover;background-size:cover;\" data-bg=\"https:\/\/www.lidergest.pt\/wp-content\/uploads\/2022\/05\/city-g2b8ac808f_1920.jpg\" ><div class=\"fusion-builder-row fusion-row fusion-flex-align-items-flex-start\" style=\"max-width:calc( 1170px + 0px );margin-left: calc(-0px \/ 2 );margin-right: calc(-0px \/ 2 );\"><div class=\"fusion-layout-column fusion_builder_column fusion-builder-column-0 fusion_builder_column_1_1 1_1 fusion-flex-column\"><div class=\"fusion-column-wrapper fusion-flex-justify-content-flex-start fusion-content-layout-column\" style=\"background-position:left top;background-blend-mode: overlay;background-repeat:no-repeat;-webkit-background-size:cover;-moz-background-size:cover;-o-background-size:cover;background-size:cover;padding: 0px 0px 0px 0px;\"><style type=\"text\/css\">@media only screen and (max-width:1024px) {.fusion-title.fusion-title-1{margin-top:50px!important; margin-right:0px!important;margin-bottom:30px!important;margin-left:0px!important;}}@media only screen and (max-width:640px) {.fusion-title.fusion-title-1{margin-top:0px!important; margin-right:0px!important;margin-bottom:20px!important; margin-left:0px!important;}}<\/style><div class=\"fusion-title title fusion-title-1 fusion-sep-none fusion-title-center fusion-title-text fusion-title-size-one\" style=\"margin-top:50px;margin-right:0px;margin-bottom:30px;margin-left:0px;\"><h1 class=\"title-heading-center fusion-responsive-typography-calculated\" style=\"margin:0;color:var(--awb-color1);--fontSize:46;line-height:var(--awb-typography1-line-height);\"><span style=\"color: var(--awb-color4);\">Services de relocalisation<\/span><\/h1><\/div><div class=\"fusion-separator fusion-full-width-sep\" style=\"align-self: center;margin-left: auto;margin-right: auto;margin-top:40px;width:100%;\"><\/div><a class=\"fb-icon-element-1 fb-icon-element fontawesome-icon awb-health-chevron-down circle-no fusion-animated fusion-link fusion-one-page-text-link\" style=\"font-size:70px;margin: 0px;\" data-animationType=\"fadeInUp\" data-animationDuration=\"0.6\" data-animationOffset=\"top-into-view\" href=\"#contact\" aria-label=\"Link to #contact\" target=\"_self\"><\/a><style>a.fb-icon-element.fontawesome-icon.fb-icon-element-1{ color: var(--awb-color1);}a.fb-icon-element.fontawesome-icon.fb-icon-element-1:hover { color: var(--awb-color1);}a.fb-icon-element.fontawesome-icon.fb-icon-element-1{ align-self:center;}<\/style><\/div><style type=\"text\/css\">.fusion-body .fusion-builder-column-0{width:100% !important;margin-top : 0px;margin-bottom : 30px;}.fusion-builder-column-0 > .fusion-column-wrapper {padding-top : 0px !important;padding-right : 0px !important;margin-right : 0px;padding-bottom : 0px !important;padding-left : 0px !important;margin-left : 0px;}@media only screen and (max-width:1024px) {.fusion-body .fusion-builder-column-0{width:100% !important;}.fusion-builder-column-0 > .fusion-column-wrapper {margin-right : 0px;margin-left : 0px;}}@media only screen and (max-width:640px) {.fusion-body .fusion-builder-column-0{width:100% !important;}.fusion-builder-column-0 > .fusion-column-wrapper {margin-right : 0px;margin-left : 0px;}}<\/style><\/div><\/div><style type=\"text\/css\">.fusion-body .fusion-flex-container.fusion-builder-row-1{ padding-top : 10%;margin-top : 0px;padding-right : 5%;padding-bottom : 10%;margin-bottom : 0px;padding-left : 5%;}<\/style><\/div><div id=\"contact\"><div class=\"fusion-fullwidth fullwidth-box fusion-builder-row-2 fusion-flex-container hundred-percent-fullwidth non-hundred-percent-height-scrolling\" style=\"background-color: rgba(255,255,255,0);background-position: left top;background-repeat: no-repeat;border-width: 0px 0px 0px 0px;border-color:var(--awb-color3);border-style:solid;\" ><div class=\"fusion-builder-row fusion-row fusion-flex-align-items-stretch\" style=\"width:104% !important;max-width:104% !important;margin-left: calc(-4% \/ 2 );margin-right: calc(-4% \/ 2 );\"><div class=\"fusion-layout-column fusion_builder_column fusion-builder-column-1 fusion_builder_column_3_5 3_5 fusion-flex-column\"><div class=\"fusion-column-wrapper fusion-flex-justify-content-flex-start fusion-content-layout-column\" style=\"background-position:left top;background-blend-mode: overlay;background-repeat:no-repeat;-webkit-background-size:cover;-moz-background-size:cover;-o-background-size:cover;background-size:cover;padding: 100px 10% 100px 10%;\"><style type=\"text\/css\">@media only screen and (max-width:1024px) {.fusion-title.fusion-title-2{margin-top:0px!important; margin-right:0px!important;margin-bottom:50px!important;margin-left:0px!important;}}@media only screen and (max-width:640px) {.fusion-title.fusion-title-2{margin-top:0px!important; margin-right:0px!important;margin-bottom:20px!important; margin-left:0px!important;}}<\/style><div class=\"fusion-title title fusion-title-2 fusion-sep-none fusion-title-text fusion-title-size-two\" style=\"margin-top:0px;margin-right:0px;margin-bottom:50px;margin-left:0px;\"><h2 class=\"title-heading-left fusion-responsive-typography-calculated\" style=\"margin:0;--fontSize:46;line-height:1.25;\"><strong>Services de relocalisation<\/strong><\/h2><\/div><div class=\"fusion-text fusion-text-1\"><p>Lidergest offre un service cl\u00e9 en main pour les personnes qui souhaitent s\u2019installer au Portugal. Nous avons plus d\u2019une d\u00e9cennie d\u2019exp\u00e9rience, un r\u00e9seau sp\u00e9cialis\u00e9 de partenaires et une vision int\u00e9gr\u00e9e qui nous permet d\u2019aider nos clients \u00e0 planifier correctement les \u00e9tapes du d\u00e9m\u00e9nagement au Portugal, en anticipant les besoins dans les diff\u00e9rentes \u00e9tapes du processus et en assurant une int\u00e9gration sans surprise dans le nouveau pays.<\/p>\n<p>Comptez sur notre soutien pour :<\/p>\n<ul>\n<li>Obtenir un permis de s\u00e9jour pour investissement (Golden Visa)<\/li>\n<li>Obtenir un permis de s\u00e9jour pour les entrepreneurs, les travailleurs qualifi\u00e9s ou les start-ups<\/li>\n<li>Trouvez la propri\u00e9t\u00e9 id\u00e9ale \u00e0 louer ou \u00e0 acheter<\/li>\n<li>Ouvrir un compte bancaire<\/li>\n<li>Obtenez la FIV et la repr\u00e9sentation fiscale<\/li>\n<li>Obtenir le statut de r\u00e9sident non habituel<\/li>\n<li>Services de comptabilit\u00e9 et de conformit\u00e9 fiscale<\/li>\n<li>D\u00e9marrer une activit\u00e9, cr\u00e9er ou reloger des entreprises<\/li>\n<li>Obtenez une assistance juridique, fiscale ou financi\u00e8re gr\u00e2ce \u00e0 notre r\u00e9seau de partenaires hautement qualifi\u00e9s et exp\u00e9riment\u00e9s<\/li>\n<li>L\u00e9galiser les v\u00e9hicules exempt\u00e9s<\/li>\n<\/ul>\n<p style=\"text-align: justify;\">PERMIS DE S\u00c9JOUR POUR INVESTISSEMENT (VISA OR), ENTREPRENEURIAT OU TRAVAIL<br \/>\nLidergest fournit un soutien dans les formalit\u00e9s administratives et les services d\u2019immigration, afin que vous puissiez obtenir votre Golden Visa ou votre permis de s\u00e9jour au Portugal pour l\u2019investissement, l\u2019entrepreneuriat ou le travail au Portugal, de mani\u00e8re simple et rapide.<br \/>\nNous vous aidons \u00e9galement \u00e0 obtenir le statut de r\u00e9sident non habituel (RNH) et \u00e0 assurer le respect de vos obligations fiscales et en liaison avec les services gouvernementaux locaux.<\/p>\n<p>OBTENEZ LE NIF AU PORTUGAL<br \/>\nL\u2019obtention du NIF (Num\u00e9ro d\u2019Identification Fiscale Portugais) est indispensable pour votre vie quotidienne au Portugal. Vous aurez besoin du NIF au Portugal pour ouvrir un compte bancaire, louer une maison ou acheter une propri\u00e9t\u00e9, vous inscrire aupr\u00e8s du Service national de sant\u00e9, entre autres. Les citoyens de l\u2019ext\u00e9rieur de l\u2019Union europ\u00e9enne doivent d\u00e9signer un repr\u00e9sentant fiscal au Portugal. Comptez sur nous pour vous aider dans ce processus et assurer le respect des obligations fiscales au Portugal.<\/p>\n<p>OUVRIR UN COMPTE BANCAIRE AU PORTUGAL<br \/>\nIl n\u2019est pas n\u00e9cessaire de souligner l\u2019importance de l\u2019ouverture d\u2019un compte bancaire. Cependant, ce qui pourrait \u00eatre un processus relativement simple peut devenir complexe et prendre beaucoup de temps avec une pression croissante pour mettre en \u0153uvre des r\u00e8gles de lutte contre le blanchiment d\u2019argent et le financement du terrorisme (BCFT), des proc\u00e9dures KYC et KYB, entre autres formalit\u00e9s. Heureusement, Lidergest est de votre c\u00f4t\u00e9 lors de l\u2019ouverture d\u2019un compte bancaire.<\/p>\n<p>TRANSPORT ET IMPORTATION DE BIENS PERSONNELS AU PORTUGAL<br \/>\nSi vous n\u2019\u00eates pas citoyen de l\u2019Union europ\u00e9enne et que vous envisagez d\u2019apporter des biens personnels au Portugal (y compris des animaux domestiques, des v\u00e9hicules et des bateaux), sachez que l\u2019importation de biens personnels au Portugal peut se faire en franchise de droits de douane et de TVA, \u00e0 condition que certaines conditions soient remplies. Il est essentiel de bien pr\u00e9parer le changement et de rassembler la documentation n\u00e9cessaire \u00e0 la fois dans le pays de d\u00e9part et au Portugal, afin que le processus se d\u00e9roule dans les d\u00e9lais souhait\u00e9s et sans probl\u00e8me. NEWCO soutient le changement de r\u00e9sidence de la phase de planification jusqu\u2019\u00e0 votre arriv\u00e9e au Portugal.<\/p>\n<p>SERVICES JURIDIQUES, FISCAUX ET FINANCIERS<br \/>\nNous veillons \u00e0 ce que votre comptabilit\u00e9 personnelle et votre conformit\u00e9 fiscale soient r\u00e9gularis\u00e9es. Nous soutenons l\u2019introduction aux banques et aux compagnies d\u2019assurance, aux avocats, aux conseillers fiscaux et aux conseillers financiers.<\/p>\n<p>ASSISTANCE PERSONNELLE ET AUTRES SERVICES<br \/>\nNous aidons \u00e0 trouver les meilleurs services m\u00e9dicaux, l\u2019assurance maladie et l\u2019enregistrement dans le syst\u00e8me de sant\u00e9 portugais. Nous aidons \u00e0 l\u2019achat de voitures et \u00e0 la r\u00e9quisition de services de transport. Comptez \u00e9galement sur nous pour \u00eatre \u00e0 vos c\u00f4t\u00e9s dans le processus d\u2019int\u00e9gration culturelle, afin que vous vous sentiez rapidement chez vous! Nous aidons \u00e0 l\u2019identification et au contact avec les \u00e9coles nationales et internationales, en assurant une formation qualifi\u00e9e et l\u2019int\u00e9gration scolaire, ainsi que des clubs sportifs et des entit\u00e9s avec des activit\u00e9s r\u00e9cr\u00e9atives. Ainsi, vous pouvez garder vos passe-temps et continuer les activit\u00e9s parascolaires de vos enfants.<\/p>\n<\/div><\/div><style type=\"text\/css\">.fusion-body .fusion-builder-column-1{width:60% !important;margin-top : 0px;margin-bottom : 0px;}.fusion-builder-column-1 > .fusion-column-wrapper {padding-top : 100px !important;padding-right : 10% !important;margin-right : 3.84%;padding-bottom : 100px !important;padding-left : 10% !important;margin-left : 3.2%;}@media only screen and (max-width:1024px) {.fusion-body .fusion-builder-column-1{width:100% !important;}.fusion-builder-column-1 > .fusion-column-wrapper {margin-right : 1.92%;margin-left : 1.92%;}}@media only screen and (max-width:640px) {.fusion-body .fusion-builder-column-1{width:100% !important;}.fusion-builder-column-1 > .fusion-column-wrapper {margin-right : 1.92%;margin-left : 1.92%;}}<\/style><\/div><div class=\"fusion-layout-column fusion_builder_column fusion-builder-column-2 fusion_builder_column_2_5 2_5 fusion-flex-column\"><div class=\"fusion-column-wrapper fusion-flex-justify-content-flex-start fusion-content-layout-column\" style=\"background-position:left top;background-repeat:no-repeat;-webkit-background-size:cover;-moz-background-size:cover;-o-background-size:cover;background-size:cover;background-color:var(--awb-color2);padding: 100px 10% 100px 10%;\"><div class=\"fusion-widget-area fusion-widget-area-1 fusion-content-widget-area\"><style type=\"text\/css\">.fusion-widget-area-1 {padding:0px 0px 0px 0px;}.fusion-widget-area-1 .widget h4 {color:var(--awb-color7);}.fusion-widget-area-1 .widget .heading h4 {color:var(--awb-color7);}.fusion-widget-area-1 .widget h4 {font-size:18px;}.fusion-widget-area-1 .widget .heading h4 {font-size:18px;}<\/style><div id=\"nav_menu-2\" class=\"widget widget_nav_menu\" style=\"border-style: solid;border-color:transparent;border-width:0px;\"><div class=\"menu-servicos-lg-frances-container\"><ul id=\"menu-servicos-lg-frances\" class=\"menu\"><li id=\"menu-item-2086\" class=\"menu-item menu-item-type-post_type menu-item-object-page menu-item-2086\"><a href=\"https:\/\/www.lidergest.pt\/fr\/services\/constitution-des-societes\/\">Constitution des soci\u00e9t\u00e9s<\/a><\/li>\n<li id=\"menu-item-2087\" class=\"menu-item menu-item-type-post_type menu-item-object-page menu-item-2087\"><a href=\"https:\/\/www.lidergest.pt\/fr\/services\/gestion-dentreprise\/\">Gestion d\u2019entreprise<\/a><\/li>\n<li id=\"menu-item-2088\" class=\"menu-item menu-item-type-post_type menu-item-object-page menu-item-2088\"><a href=\"https:\/\/www.lidergest.pt\/fr\/services\/bureaux-et-bureau\/\">Bureaux et Bureau<\/a><\/li>\n<li id=\"menu-item-2089\" class=\"menu-item menu-item-type-post_type menu-item-object-page menu-item-2089\"><a href=\"https:\/\/www.lidergest.pt\/fr\/services\/comptabilite-et-conformite-fiscale\/\">Comptabilit\u00e9 et conformit\u00e9 fiscale<\/a><\/li>\n<li id=\"menu-item-2090\" class=\"menu-item menu-item-type-post_type menu-item-object-page menu-item-2090\"><a href=\"https:\/\/www.lidergest.pt\/fr\/services\/services-de-relocalisation\/\">Services de relocalisation<\/a><\/li>\n<li id=\"menu-item-2091\" class=\"menu-item menu-item-type-post_type menu-item-object-page menu-item-2091\"><a href=\"https:\/\/www.lidergest.pt\/fr\/services\/services-de-consultation\/\">Services de consultation<\/a><\/li>\n<\/ul><\/div><\/div><div class=\"fusion-additional-widget-content\"><\/div><\/div><\/div><style type=\"text\/css\">.fusion-body .fusion-builder-column-2{width:40% !important;margin-top : 50px;margin-bottom : 50px;}.fusion-builder-column-2 > .fusion-column-wrapper {padding-top : 100px !important;padding-right : 10% !important;margin-right : 4.8%;padding-bottom : 100px !important;padding-left : 10% !important;margin-left : 3.84%;}@media only screen and (max-width:1024px) {.fusion-body .fusion-builder-column-2{width:100% !important;order : 0;}.fusion-builder-column-2 > .fusion-column-wrapper {margin-right : 1.92%;margin-left : 1.92%;}}@media only screen and (max-width:640px) {.fusion-body .fusion-builder-column-2{width:100% !important;order : 0;}.fusion-builder-column-2 > .fusion-column-wrapper {margin-right : 1.92%;margin-left : 1.92%;}}<\/style><\/div><\/div><style type=\"text\/css\">.fusion-body .fusion-flex-container.fusion-builder-row-2{ padding-top : 0px;margin-top : 0px;padding-right : 0px;padding-bottom : 0px;margin-bottom : 0px;padding-left : 0px;}<\/style><\/div><\/div><div id=\"contact\"><div class=\"fusion-fullwidth fullwidth-box fusion-builder-row-3 fusion-flex-container hundred-percent-fullwidth non-hundred-percent-height-scrolling\" style=\"background-color: rgba(255,255,255,0);background-position: left top;background-repeat: no-repeat;border-width: 0px 0px 0px 0px;border-color:var(--awb-color3);border-style:solid;\" ><div class=\"fusion-builder-row fusion-row fusion-flex-align-items-stretch\" style=\"width:104% !important;max-width:104% !important;margin-left: calc(-4% \/ 2 );margin-right: calc(-4% \/ 2 );\"><div class=\"fusion-layout-column fusion_builder_column fusion-builder-column-3 fusion_builder_column_3_5 3_5 fusion-flex-column\"><div class=\"fusion-column-wrapper fusion-flex-justify-content-flex-start fusion-content-layout-column\" style=\"background-position:left top;background-blend-mode: overlay;background-repeat:no-repeat;-webkit-background-size:cover;-moz-background-size:cover;-o-background-size:cover;background-size:cover;padding: 100px 10% 100px 10%;\"><div ><style>.fusion-button.button-1{border-radius:2px 2px 2px 2px;}<\/style><a class=\"fusion-button button-flat fusion-button-default-size button-default button-1 fusion-button-default-span fusion-button-default-type\" target=\"_self\" href=\"https:\/\/www.lidergest.pt\/contactos\/\" style=\"width:calc(100%);\"><span class=\"fusion-button-text\">Contactez-nous pour plus d\u2019informations<\/span><\/a><\/div><\/div><style type=\"text\/css\">.fusion-body .fusion-builder-column-3{width:60% !important;margin-top : 0px;margin-bottom : 0px;}.fusion-builder-column-3 > .fusion-column-wrapper {padding-top : 100px !important;padding-right : 10% !important;margin-right : 3.84%;padding-bottom : 100px !important;padding-left : 10% !important;margin-left : 3.2%;}@media only screen and (max-width:1024px) {.fusion-body .fusion-builder-column-3{width:100% !important;}.fusion-builder-column-3 > .fusion-column-wrapper {margin-right : 1.92%;margin-left : 1.92%;}}@media only screen and (max-width:640px) {.fusion-body .fusion-builder-column-3{width:100% !important;}.fusion-builder-column-3 > .fusion-column-wrapper {margin-right : 1.92%;margin-left : 1.92%;}}<\/style><\/div><\/div><style type=\"text\/css\">.fusion-body .fusion-flex-container.fusion-builder-row-3{ padding-top : 0px;margin-top : 0px;padding-right : 0px;padding-bottom : 0px;margin-bottom : 0px;padding-left : 0px;}<\/style><\/div><\/div><\/p>\n","protected":false},"excerpt":{"rendered":"","protected":false},"author":1,"featured_media":0,"parent":2004,"menu_order":5,"comment_status":"closed","ping_status":"closed","template":"100-width.php","meta":{"footnotes":""},"class_list":["post-2051","page","type-page","status-publish","hentry"],"_links":{"self":[{"href":"https:\/\/www.lidergest.pt\/fr\/wp-json\/wp\/v2\/pages\/2051","targetHints":{"allow":["GET"]}}],"collection":[{"href":"https:\/\/www.lidergest.pt\/fr\/wp-json\/wp\/v2\/pages"}],"about":[{"href":"https:\/\/www.lidergest.pt\/fr\/wp-json\/wp\/v2\/types\/page"}],"author":[{"embeddable":true,"href":"https:\/\/www.lidergest.pt\/fr\/wp-json\/wp\/v2\/users\/1"}],"replies":[{"embeddable":true,"href":"https:\/\/www.lidergest.pt\/fr\/wp-json\/wp\/v2\/comments?post=2051"}],"version-history":[{"count":5,"href":"https:\/\/www.lidergest.pt\/fr\/wp-json\/wp\/v2\/pages\/2051\/revisions"}],"predecessor-version":[{"id":2478,"href":"https:\/\/www.lidergest.pt\/fr\/wp-json\/wp\/v2\/pages\/2051\/revisions\/2478"}],"up":[{"embeddable":true,"href":"https:\/\/www.lidergest.pt\/fr\/wp-json\/wp\/v2\/pages\/2004"}],"wp:attachment":[{"href":"https:\/\/www.lidergest.pt\/fr\/wp-json\/wp\/v2\/media?parent=2051"}],"curies":[{"name":"wp","href":"https:\/\/api.w.org\/{rel}","templated":true}]}}