{"id":2015,"date":"2022-03-21T16:15:37","date_gmt":"2022-03-21T16:15:37","guid":{"rendered":"https:\/\/www.lidergest.pt\/services\/constitution-des-societes\/"},"modified":"2023-09-21T17:08:50","modified_gmt":"2023-09-21T17:08:50","slug":"constitution-des-societes","status":"publish","type":"page","link":"https:\/\/www.lidergest.pt\/fr\/services\/constitution-des-societes\/","title":{"rendered":"Constitution des soci\u00e9t\u00e9s"},"content":{"rendered":"<p><div class=\"fusion-bg-parallax\" data-bg-align=\"center center\" data-direction=\"up\" data-mute=\"false\" data-opacity=\"100\" data-velocity=\"-0.4\" data-mobile-enabled=\"false\" data-break_parents=\"0\" data-bg-image=\"https:\/\/www.lidergest.pt\/wp-content\/uploads\/2022\/03\/Foto-103-scaled.jpg\" data-bg-repeat=\"false\" ><\/div><div class=\"fusion-fullwidth fullwidth-box fusion-builder-row-1 fusion-flex-container fusion-parallax-up nonhundred-percent-fullwidth non-hundred-percent-height-scrolling lazyload\" style=\"background-color: rgba(255,255,255,0);background-position: center center;background-repeat: no-repeat;border-width: 0px 0px 0px 0px;border-color:var(--awb-color3);border-style:solid;-webkit-background-size:cover;-moz-background-size:cover;-o-background-size:cover;background-size:cover;\" data-bg=\"https:\/\/www.lidergest.pt\/wp-content\/uploads\/2022\/03\/Foto-103-scaled.jpg\" ><div class=\"fusion-builder-row fusion-row fusion-flex-align-items-flex-start\" style=\"max-width:calc( 1170px + 0px );margin-left: calc(-0px \/ 2 );margin-right: calc(-0px \/ 2 );\"><div class=\"fusion-layout-column fusion_builder_column fusion-builder-column-0 fusion_builder_column_1_1 1_1 fusion-flex-column\"><div class=\"fusion-column-wrapper fusion-flex-justify-content-flex-start fusion-content-layout-column\" style=\"background-position:left top;background-blend-mode: overlay;background-repeat:no-repeat;-webkit-background-size:cover;-moz-background-size:cover;-o-background-size:cover;background-size:cover;padding: 0px 0px 0px 0px;\"><style type=\"text\/css\">@media only screen and (max-width:1024px) {.fusion-title.fusion-title-1{margin-top:50px!important; margin-right:0px!important;margin-bottom:30px!important;margin-left:0px!important;}}@media only screen and (max-width:640px) {.fusion-title.fusion-title-1{margin-top:0px!important; margin-right:0px!important;margin-bottom:20px!important; margin-left:0px!important;}}<\/style><div class=\"fusion-title title fusion-title-1 fusion-sep-none fusion-title-center fusion-title-text fusion-title-size-one\" style=\"margin-top:50px;margin-right:0px;margin-bottom:30px;margin-left:0px;\"><h1 class=\"title-heading-center fusion-responsive-typography-calculated\" style=\"margin:0;color:var(--awb-color1);--fontSize:46;line-height:var(--awb-typography1-line-height);\">Constitution <span style=\"color: var(--awb-color4);\">des soci\u00e9t\u00e9s<\/span><\/h1><\/div><div class=\"fusion-separator fusion-full-width-sep\" style=\"align-self: center;margin-left: auto;margin-right: auto;margin-top:40px;width:100%;\"><\/div><a class=\"fb-icon-element-1 fb-icon-element fontawesome-icon awb-health-chevron-down circle-no fusion-animated fusion-link fusion-one-page-text-link\" style=\"font-size:70px;margin: 0px;\" data-animationType=\"fadeInUp\" data-animationDuration=\"0.6\" data-animationOffset=\"top-into-view\" href=\"#contact\" aria-label=\"Link to #contact\" target=\"_self\"><\/a><style>a.fb-icon-element.fontawesome-icon.fb-icon-element-1{ color: var(--awb-color1);}a.fb-icon-element.fontawesome-icon.fb-icon-element-1:hover { color: var(--awb-color1);}a.fb-icon-element.fontawesome-icon.fb-icon-element-1{ align-self:center;}<\/style><\/div><style type=\"text\/css\">.fusion-body .fusion-builder-column-0{width:100% !important;margin-top : 0px;margin-bottom : 30px;}.fusion-builder-column-0 > .fusion-column-wrapper {padding-top : 0px !important;padding-right : 0px !important;margin-right : 0px;padding-bottom : 0px !important;padding-left : 0px !important;margin-left : 0px;}@media only screen and (max-width:1024px) {.fusion-body .fusion-builder-column-0{width:100% !important;}.fusion-builder-column-0 > .fusion-column-wrapper {margin-right : 0px;margin-left : 0px;}}@media only screen and (max-width:640px) {.fusion-body .fusion-builder-column-0{width:100% !important;}.fusion-builder-column-0 > .fusion-column-wrapper {margin-right : 0px;margin-left : 0px;}}<\/style><\/div><\/div><style type=\"text\/css\">.fusion-body .fusion-flex-container.fusion-builder-row-1{ padding-top : 10%;margin-top : 0px;padding-right : 5%;padding-bottom : 10%;margin-bottom : 0px;padding-left : 5%;}<\/style><\/div><div id=\"contact\"><div class=\"fusion-fullwidth fullwidth-box fusion-builder-row-2 fusion-flex-container hundred-percent-fullwidth non-hundred-percent-height-scrolling\" style=\"background-color: rgba(255,255,255,0);background-position: left top;background-repeat: no-repeat;border-width: 0px 0px 0px 0px;border-color:var(--awb-color3);border-style:solid;\" ><div class=\"fusion-builder-row fusion-row fusion-flex-align-items-stretch\" style=\"width:104% !important;max-width:104% !important;margin-left: calc(-4% \/ 2 );margin-right: calc(-4% \/ 2 );\"><div class=\"fusion-layout-column fusion_builder_column fusion-builder-column-1 fusion_builder_column_3_5 3_5 fusion-flex-column\"><div class=\"fusion-column-wrapper fusion-flex-justify-content-flex-start fusion-content-layout-column\" style=\"background-position:left top;background-blend-mode: overlay;background-repeat:no-repeat;-webkit-background-size:cover;-moz-background-size:cover;-o-background-size:cover;background-size:cover;padding: 100px 10% 100px 10%;\"><style type=\"text\/css\">@media only screen and (max-width:1024px) {.fusion-title.fusion-title-2{margin-top:0px!important; margin-right:0px!important;margin-bottom:50px!important;margin-left:0px!important;}}@media only screen and (max-width:640px) {.fusion-title.fusion-title-2{margin-top:0px!important; margin-right:0px!important;margin-bottom:20px!important; margin-left:0px!important;}}<\/style><div class=\"fusion-title title fusion-title-2 fusion-sep-none fusion-title-text fusion-title-size-two\" style=\"margin-top:0px;margin-right:0px;margin-bottom:50px;margin-left:0px;\"><h2 class=\"title-heading-left fusion-responsive-typography-calculated\" style=\"margin:0;--fontSize:46;line-height:1.25;\"><p><strong>Constitution des soci\u00e9t\u00e9s<br \/>\n<\/strong><\/p><\/h2><\/div><div class=\"fusion-text fusion-text-1\"><p>La cr\u00e9ation d\u2019une entreprise est la premi\u00e8re \u00e9tape du d\u00e9marrage de l\u2019activit\u00e9.<\/p>\n<p>La cr\u00e9ation d\u2019entreprises est un processus relativement rapide, \u00e0 condition que le cadre juridique et fiscal appropri\u00e9 de l\u2019activit\u00e9 \u00e0 d\u00e9velopper soit \u00e9tabli et que toute la documentation requise en vertu de la r\u00e9glementation en mati\u00e8re de lutte contre le blanchiment d\u2019argent (pr\u00e9vention du blanchiment d\u2019argent et du financement du terrorisme international) soit r\u00e9unie.<\/p>\n<p>Avant de cr\u00e9er une soci\u00e9t\u00e9, il est important de comprendre le cadre de l\u2019activit\u00e9 et toutes les obligations r\u00e9glementaires, l\u00e9gales et fiscales auxquelles l\u2019entreprise sera soumise dans le pays o\u00f9 elle d\u00e9veloppera son activit\u00e9.<\/p>\n<p>COMMENT CR\u00c9ER UNE ENTREPRISE ?<br \/>\nApr\u00e8s validation du cadre de l\u2019activit\u00e9, du type de soci\u00e9t\u00e9 et de la structure de l\u2019entreprise pr\u00e9vue et du r\u00e9gime fiscal applicable, Lidergest collecte, organise et traite toutes les informations et la documentation n\u00e9cessaires \u00e0 la cr\u00e9ation d\u2019une soci\u00e9t\u00e9, \u00e0 l\u2019obtention d\u2019une licence (si n\u00e9cessaire) et au d\u00e9marrage de l\u2019activit\u00e9.<\/p>\n<p>Les \u00e9tapes suivantes concernent l\u2019approbation du nom, la pr\u00e9paration du contrat de partenariat et la demande de licence (le cas \u00e9ch\u00e9ant) et la pr\u00e9sentation du dossier au registre des entreprises. Apr\u00e8s la cr\u00e9ation d\u2019une entreprise, Lidergest prend \u00e9galement en charge la pr\u00e9paration des proc\u00e8s-verbaux, des dossiers de s\u00e9curit\u00e9 sociale et de toutes les autres formalit\u00e9s inh\u00e9rentes au d\u00e9marrage de l\u2019entreprise au Portugal.<\/p>\n<p>ENTREPRISE OUVERTE AU PORTUGAL<br \/>\nUne soci\u00e9t\u00e9 au Portugal, apr\u00e8s son enregistrement, a la personnalit\u00e9 juridique. Cela signifie qu\u2019il s\u2019agit d\u2019une entit\u00e9 juridiquement s\u00e9par\u00e9e de ses partenaires, capable d\u2019agir dans les domaines les plus divers permis par la loi, au sein de son objet social, et \u00e9tant responsable de ses dettes. L\u2019enregistrement des entreprises au Portugal se fait au registre du commerce.<\/p>\n<\/div><\/div><style type=\"text\/css\">.fusion-body .fusion-builder-column-1{width:60% !important;margin-top : 0px;margin-bottom : 0px;}.fusion-builder-column-1 > .fusion-column-wrapper {padding-top : 100px !important;padding-right : 10% !important;margin-right : 3.84%;padding-bottom : 100px !important;padding-left : 10% !important;margin-left : 3.2%;}@media only screen and (max-width:1024px) {.fusion-body .fusion-builder-column-1{width:100% !important;}.fusion-builder-column-1 > .fusion-column-wrapper {margin-right : 1.92%;margin-left : 1.92%;}}@media only screen and (max-width:640px) {.fusion-body .fusion-builder-column-1{width:100% !important;}.fusion-builder-column-1 > .fusion-column-wrapper {margin-right : 1.92%;margin-left : 1.92%;}}<\/style><\/div><div class=\"fusion-layout-column fusion_builder_column fusion-builder-column-2 fusion_builder_column_2_5 2_5 fusion-flex-column\"><div class=\"fusion-column-wrapper fusion-flex-justify-content-flex-start fusion-content-layout-column\" style=\"background-position:left top;background-repeat:no-repeat;-webkit-background-size:cover;-moz-background-size:cover;-o-background-size:cover;background-size:cover;background-color:var(--awb-color2);padding: 100px 10% 100px 10%;\"><div class=\"fusion-widget-area fusion-widget-area-1 fusion-content-widget-area\"><style type=\"text\/css\">.fusion-widget-area-1 {padding:0px 0px 0px 0px;}.fusion-widget-area-1 .widget h4 {color:var(--awb-color7);}.fusion-widget-area-1 .widget .heading h4 {color:var(--awb-color7);}.fusion-widget-area-1 .widget h4 {font-size:18px;}.fusion-widget-area-1 .widget .heading h4 {font-size:18px;}<\/style><div class=\"fusion-additional-widget-content\"><\/div><\/div><\/div><style type=\"text\/css\">.fusion-body .fusion-builder-column-2{width:40% !important;margin-top : 50px;margin-bottom : 50px;}.fusion-builder-column-2 > .fusion-column-wrapper {padding-top : 100px !important;padding-right : 10% !important;margin-right : 4.8%;padding-bottom : 100px !important;padding-left : 10% !important;margin-left : 3.84%;}@media only screen and (max-width:1024px) {.fusion-body .fusion-builder-column-2{width:100% !important;order : 0;}.fusion-builder-column-2 > .fusion-column-wrapper {margin-right : 1.92%;margin-left : 1.92%;}}@media only screen and (max-width:640px) {.fusion-body .fusion-builder-column-2{width:100% !important;order : 0;}.fusion-builder-column-2 > .fusion-column-wrapper {margin-right : 1.92%;margin-left : 1.92%;}}<\/style><\/div><\/div><style type=\"text\/css\">.fusion-body .fusion-flex-container.fusion-builder-row-2{ padding-top : 0px;margin-top : 0px;padding-right : 0px;padding-bottom : 0px;margin-bottom : 0px;padding-left : 0px;}<\/style><\/div><\/div><div id=\"contact\"><div class=\"fusion-fullwidth fullwidth-box fusion-builder-row-3 fusion-flex-container hundred-percent-fullwidth non-hundred-percent-height-scrolling\" style=\"background-color: rgba(255,255,255,0);background-position: left top;background-repeat: no-repeat;border-width: 0px 0px 0px 0px;border-color:var(--awb-color3);border-style:solid;\" ><div class=\"fusion-builder-row fusion-row fusion-flex-align-items-stretch\" style=\"width:104% !important;max-width:104% !important;margin-left: calc(-4% \/ 2 );margin-right: calc(-4% \/ 2 );\"><div class=\"fusion-layout-column fusion_builder_column fusion-builder-column-3 fusion_builder_column_3_5 3_5 fusion-flex-column\"><div class=\"fusion-column-wrapper fusion-flex-justify-content-flex-start fusion-content-layout-column\" style=\"background-position:left top;background-blend-mode: overlay;background-repeat:no-repeat;-webkit-background-size:cover;-moz-background-size:cover;-o-background-size:cover;background-size:cover;padding: 100px 10% 100px 10%;\"><div ><style>.fusion-button.button-1{border-radius:2px 2px 2px 2px;}<\/style><a class=\"fusion-button button-flat fusion-button-default-size button-default button-1 fusion-button-default-span fusion-button-default-type\" target=\"_self\" href=\"https:\/\/www.lidergest.pt\/fr\/contacts\/\" style=\"width:calc(100%);\"><span class=\"fusion-button-text\">Contactez-nous pour plus d\u2019informations<\/span><\/a><\/div><\/div><style type=\"text\/css\">.fusion-body .fusion-builder-column-3{width:60% !important;margin-top : 0px;margin-bottom : 0px;}.fusion-builder-column-3 > .fusion-column-wrapper {padding-top : 100px !important;padding-right : 10% !important;margin-right : 3.84%;padding-bottom : 100px !important;padding-left : 10% !important;margin-left : 3.2%;}@media only screen and (max-width:1024px) {.fusion-body .fusion-builder-column-3{width:100% !important;}.fusion-builder-column-3 > .fusion-column-wrapper {margin-right : 1.92%;margin-left : 1.92%;}}@media only screen and (max-width:640px) {.fusion-body .fusion-builder-column-3{width:100% !important;}.fusion-builder-column-3 > .fusion-column-wrapper {margin-right : 1.92%;margin-left : 1.92%;}}<\/style><\/div><\/div><style type=\"text\/css\">.fusion-body .fusion-flex-container.fusion-builder-row-3{ padding-top : 0px;margin-top : 0px;padding-right : 0px;padding-bottom : 0px;margin-bottom : 0px;padding-left : 0px;}<\/style><\/div><\/div><\/p>\n","protected":false},"excerpt":{"rendered":"","protected":false},"author":1,"featured_media":0,"parent":2004,"menu_order":1,"comment_status":"closed","ping_status":"closed","template":"100-width.php","meta":{"footnotes":""},"class_list":["post-2015","page","type-page","status-publish","hentry"],"_links":{"self":[{"href":"https:\/\/www.lidergest.pt\/fr\/wp-json\/wp\/v2\/pages\/2015","targetHints":{"allow":["GET"]}}],"collection":[{"href":"https:\/\/www.lidergest.pt\/fr\/wp-json\/wp\/v2\/pages"}],"about":[{"href":"https:\/\/www.lidergest.pt\/fr\/wp-json\/wp\/v2\/types\/page"}],"author":[{"embeddable":true,"href":"https:\/\/www.lidergest.pt\/fr\/wp-json\/wp\/v2\/users\/1"}],"replies":[{"embeddable":true,"href":"https:\/\/www.lidergest.pt\/fr\/wp-json\/wp\/v2\/comments?post=2015"}],"version-history":[{"count":2,"href":"https:\/\/www.lidergest.pt\/fr\/wp-json\/wp\/v2\/pages\/2015\/revisions"}],"predecessor-version":[{"id":2017,"href":"https:\/\/www.lidergest.pt\/fr\/wp-json\/wp\/v2\/pages\/2015\/revisions\/2017"}],"up":[{"embeddable":true,"href":"https:\/\/www.lidergest.pt\/fr\/wp-json\/wp\/v2\/pages\/2004"}],"wp:attachment":[{"href":"https:\/\/www.lidergest.pt\/fr\/wp-json\/wp\/v2\/media?parent=2015"}],"curies":[{"name":"wp","href":"https:\/\/api.w.org\/{rel}","templated":true}]}}