{"id":1906,"date":"2015-12-14T04:10:10","date_gmt":"2015-12-14T04:10:10","guid":{"rendered":"https:\/\/www.lidergest.pt\/presentation\/"},"modified":"2024-01-04T19:09:42","modified_gmt":"2024-01-04T19:09:42","slug":"presentation","status":"publish","type":"page","link":"https:\/\/www.lidergest.pt\/fr\/presentation\/","title":{"rendered":"Pr\u00e9sentation"},"content":{"rendered":"<p><div class=\"fusion-bg-parallax\" data-bg-align=\"center top\" data-direction=\"down\" data-mute=\"false\" data-opacity=\"100\" data-velocity=\"-0.4\" data-mobile-enabled=\"false\" data-break_parents=\"0\" data-bg-image=\"https:\/\/www.lidergest.pt\/wp-content\/uploads\/2022\/04\/checking-data-laptop-scaled.jpg\" data-bg-repeat=\"false\" ><\/div><div class=\"fusion-fullwidth fullwidth-box fusion-builder-row-1 fusion-flex-container fusion-parallax-down nonhundred-percent-fullwidth non-hundred-percent-height-scrolling lazyload\" style=\"background-color: rgba(255,255,255,0);background-position: center top;background-repeat: no-repeat;border-width: 0px 0px 0px 0px;border-color:var(--awb-color3);border-style:solid;-webkit-background-size:cover;-moz-background-size:cover;-o-background-size:cover;background-size:cover;\" data-bg=\"https:\/\/www.lidergest.pt\/wp-content\/uploads\/2022\/04\/checking-data-laptop-scaled.jpg\" ><div class=\"fusion-builder-row fusion-row fusion-flex-align-items-flex-start\" style=\"max-width:calc( 1170px + 0px );margin-left: calc(-0px \/ 2 );margin-right: calc(-0px \/ 2 );\"><div class=\"fusion-layout-column fusion_builder_column fusion-builder-column-0 fusion_builder_column_1_1 1_1 fusion-flex-column\"><div class=\"fusion-column-wrapper fusion-flex-justify-content-flex-start fusion-content-layout-column\" style=\"background-position:left top;background-blend-mode: overlay;background-repeat:no-repeat;-webkit-background-size:cover;-moz-background-size:cover;-o-background-size:cover;background-size:cover;padding: 0px 0px 0px 0px;\"><style type=\"text\/css\">@media only screen and (max-width:1024px) {.fusion-title.fusion-title-1{margin-top:20px!important;margin-right:!important;margin-bottom:!important; margin-left:!important;}}@media only screen and (max-width:640px) {.fusion-title.fusion-title-1{margin-top:0px!important; margin-right:0px!important;margin-bottom:20px!important; margin-left:0px!important;}}<\/style><div class=\"fusion-title title fusion-title-1 fusion-sep-none fusion-title-center fusion-title-text fusion-title-size-one\" style=\"margin-top:50px;margin-right:0px;margin-bottom:30px;margin-left:0px;\"><h1 class=\"title-heading-center fusion-responsive-typography-calculated\" style=\"margin:0;color:var(--awb-color1);--fontSize:46;line-height:var(--awb-typography1-line-height);\"><span style=\"color: var(--awb-color4);\">Conseil en<\/span> comptabilit\u00e9<\/h1><\/div><div class=\"fusion-text fusion-text-1\" style=\"text-align:center;font-size:26px;line-height:36px;color:var(--awb-color1);\"><p>Nous cr\u00e9ons de la valeur pour nos clients et d\u00e9passons leurs attentes.<\/p>\n<\/div><div style=\"text-align:center;\"><style>.fusion-button.button-1{border-radius:2px 2px 2px 2px;}<\/style><a class=\"fusion-button button-flat fusion-button-default-size button-default button-1 fusion-button-span-no fusion-button-default-type\" target=\"_self\" href=\"https:\/\/www.lidergest.pt\/contactos\/\" style=\"margin-top:20px;\"><span class=\"fusion-button-text\">Contactez nous<\/span><\/a><\/div><\/div><style type=\"text\/css\">.fusion-body .fusion-builder-column-0{width:100% !important;margin-top : 0px;margin-bottom : 30px;}.fusion-builder-column-0 > .fusion-column-wrapper {padding-top : 0px !important;padding-right : 0px !important;margin-right : 0px;padding-bottom : 0px !important;padding-left : 0px !important;margin-left : 0px;}@media only screen and (max-width:1024px) {.fusion-body .fusion-builder-column-0{width:100% !important;}.fusion-builder-column-0 > .fusion-column-wrapper {margin-right : 0px;margin-left : 0px;}}@media only screen and (max-width:640px) {.fusion-body .fusion-builder-column-0{width:100% !important;}.fusion-builder-column-0 > .fusion-column-wrapper {margin-right : 0px;margin-left : 0px;}}<\/style><\/div><\/div><style type=\"text\/css\">.fusion-body .fusion-flex-container.fusion-builder-row-1{ padding-top : 10%;margin-top : 0px;padding-right : 5%;padding-bottom : 10%;margin-bottom : 0px;padding-left : 5%;}<\/style><\/div><div class=\"fusion-fullwidth fullwidth-box fusion-builder-row-2 fusion-flex-container nonhundred-percent-fullwidth non-hundred-percent-height-scrolling\" style=\"background-color: rgba(255,255,255,0);background-position: left top;background-repeat: no-repeat;border-width: 0px 0px 0px 0px;border-color:var(--awb-color3);border-style:solid;\" ><div class=\"fusion-builder-row fusion-row fusion-flex-align-items-stretch\" style=\"max-width:calc( 1170px + 0px );margin-left: calc(-0px \/ 2 );margin-right: calc(-0px \/ 2 );\"><div class=\"fusion-layout-column fusion_builder_column fusion-builder-column-1 fusion_builder_column_1_2 1_2 fusion-flex-column\"><div class=\"fusion-column-wrapper fusion-flex-justify-content-flex-start fusion-content-layout-column\" style=\"background-position:left top;background-blend-mode: overlay;background-repeat:no-repeat;-webkit-background-size:cover;-moz-background-size:cover;-o-background-size:cover;background-size:cover;padding: 13% 13% 13% 13%;\"><style type=\"text\/css\">@media only screen and (max-width:1024px) {.fusion-title.fusion-title-2{margin-top:0px!important; margin-right:0px!important;margin-bottom:30px!important;margin-left:0px!important;}}@media only screen and (max-width:640px) {.fusion-title.fusion-title-2{margin-top:0px!important; margin-right:0px!important;margin-bottom:20px!important; margin-left:0px!important;}}<\/style><div class=\"fusion-title title fusion-title-2 fusion-sep-none fusion-title-text fusion-title-size-two\" style=\"margin-top:0px;margin-right:0px;margin-bottom:30px;margin-left:0px;\"><h2 class=\"title-heading-left fusion-responsive-typography-calculated\" style=\"margin:0;--fontSize:46;line-height:1.25;\"><p style=\"text-align: left;\">Pr\u00e9sentation<\/p><\/h2><\/div><div class=\"fusion-text fusion-text-2\"><p style=\"text-align: justify;\">Lidergest est aujourd\u2019hui une organisation, attentive \u00e0 la r\u00e9alit\u00e9 des entreprises et des institutions, \u00e0 leur contexte socio-\u00e9conomique et aux d\u00e9fis et opportunit\u00e9s qu\u2019elles rencontrent sur les diff\u00e9rents march\u00e9s o\u00f9 elles op\u00e8rent.<br \/>\nNous avons l\u2019intention d\u2019\u00eatre reconnus pour l\u2019excellence des services que nous fournissons et cherchons, \u00e0 chaque instant, \u00e0 cr\u00e9er de la valeur pour nos clients et \u00e0 d\u00e9passer leurs attentes.<br \/>\nNous sommes d\u00e9termin\u00e9s \u00e0 contribuer de mani\u00e8re d\u00e9cisive \u00e0 la promotion et au d\u00e9veloppement des projets et des entreprises de nos clients, en comptant sur la d\u00e9termination et l\u2019engagement d\u2019une vaste \u00e9quipe multidisciplinaire de professionnels, qui travaillent dans les domaines les plus diff\u00e9rents de la gestion.<br \/>\nNous sommes fiers d\u2019accompagner nos clients dans la gestion de leur entreprise, gr\u00e2ce \u00e0 l\u2019offre int\u00e9gr\u00e9e de services et de solutions qui favorisent l\u2019excellence de l\u2019information financi\u00e8re et l\u2019am\u00e9lioration des processus d\u00e9cisionnels. Nous pensons que nous pouvons jouer un r\u00f4le d\u00e9cisif pour assurer la durabilit\u00e9 et soutenir la croissance de l\u2019activit\u00e9 de nos clients.<\/p>\n<\/div><\/div><style type=\"text\/css\">.fusion-body .fusion-builder-column-1{width:50% !important;margin-top : 0px;margin-bottom : 0px;}.fusion-builder-column-1 > .fusion-column-wrapper {padding-top : 13% !important;padding-right : 13% !important;margin-right : 0px;padding-bottom : 13% !important;padding-left : 13% !important;margin-left : 0px;}@media only screen and (max-width:1024px) {.fusion-body .fusion-builder-column-1{width:100% !important;}.fusion-builder-column-1 > .fusion-column-wrapper {margin-right : 0px;margin-left : 0px;}}@media only screen and (max-width:640px) {.fusion-body .fusion-builder-column-1{width:100% !important;}.fusion-builder-column-1 > .fusion-column-wrapper {margin-right : 0px;margin-left : 0px;}}<\/style><\/div><div class=\"fusion-layout-column fusion_builder_column fusion-builder-column-2 fusion_builder_column_1_2 1_2 fusion-flex-column\"><div class=\"fusion-column-wrapper fusion-flex-justify-content-flex-start fusion-content-layout-column\" style=\"background-position:left top;background-blend-mode: overlay;background-repeat:no-repeat;-webkit-background-size:cover;-moz-background-size:cover;-o-background-size:cover;background-size:cover;padding: 13% 13% 13% 13%;\"><\/div><style type=\"text\/css\">.fusion-body .fusion-builder-column-2{width:50% !important;margin-top : 0px;margin-bottom : 0px;}.fusion-builder-column-2 > .fusion-column-wrapper {padding-top : 13% !important;padding-right : 13% !important;margin-right : 0px;padding-bottom : 13% !important;padding-left : 13% !important;margin-left : 0px;}@media only screen and (max-width:1024px) {.fusion-body .fusion-builder-column-2{width:100% !important;}.fusion-builder-column-2 > .fusion-column-wrapper {margin-right : 0px;margin-left : 0px;}}@media only screen and (max-width:640px) {.fusion-body .fusion-builder-column-2{width:100% !important;}.fusion-builder-column-2 > .fusion-column-wrapper {margin-right : 0px;margin-left : 0px;}}<\/style><\/div><\/div><style type=\"text\/css\">.fusion-body .fusion-flex-container.fusion-builder-row-2{ padding-top : 50px;margin-top : 0px;padding-right : 0px;padding-bottom : 50px;margin-bottom : 0px;padding-left : 0px;}<\/style><\/div><div class=\"fusion-fullwidth fullwidth-box fusion-builder-row-3 fusion-flex-container nonhundred-percent-fullwidth non-hundred-percent-height-scrolling\" style=\"background-color: rgba(255,255,255,0);background-position: left top;background-repeat: no-repeat;border-width: 0px 0px 0px 0px;border-color:var(--awb-color3);border-style:solid;\" ><div class=\"fusion-builder-row fusion-row fusion-flex-align-items-stretch\" style=\"max-width:calc( 1170px + 0px );margin-left: calc(-0px \/ 2 );margin-right: calc(-0px \/ 2 );\"><div class=\"fusion-layout-column fusion_builder_column fusion-builder-column-3 fusion_builder_column_1_1 1_1 fusion-flex-column\"><div class=\"fusion-column-wrapper fusion-flex-justify-content-flex-start fusion-content-layout-column\" style=\"background-position:center center;background-blend-mode: overlay;background-repeat:no-repeat;-webkit-background-size:cover;-moz-background-size:cover;-o-background-size:cover;background-size:cover;padding: 13% 8% 13% 8%;\"><style type=\"text\/css\">@media only screen and (max-width:1024px) {.fusion-title.fusion-title-3{margin-top:0px!important; margin-right:0px!important;margin-bottom:30px!important;margin-left:0px!important;}}@media only screen and (max-width:640px) {.fusion-title.fusion-title-3{margin-top:0px!important; margin-right:0px!important;margin-bottom:20px!important; margin-left:0px!important;}}<\/style><div class=\"fusion-title title fusion-title-3 fusion-sep-none fusion-title-text fusion-title-size-two\" style=\"margin-top:0px;margin-right:0px;margin-bottom:30px;margin-left:0px;\"><h2 class=\"title-heading-left fusion-responsive-typography-calculated\" style=\"margin:0;--fontSize:46;line-height:1.25;\"><p style=\"text-align: left;\">Notre mission et nos valeurs<\/p><\/h2><\/div><style type=\"text\/css\">#accordion-1906-1 .fusion-panel:hover{ border-color: hsla(var(--awb-color3-h),calc( var(--awb-color3-s) + 3% ),var(--awb-color3-l),var(--awb-color3-a)) } #accordion-1906-1 .fusion-panel { border-color:hsla(var(--awb-color3-h),calc( var(--awb-color3-s) + 3% ),var(--awb-color3-l),var(--awb-color3-a)); }.fusion-accordian  #accordion-1906-1 .panel-title a .fa-fusion-box{ color: var(--awb-color1);}.fusion-accordian  #accordion-1906-1 .panel-title a .fa-fusion-box:before{ font-size: 13px; width: 13px;}.fusion-accordian  #accordion-1906-1 .panel-title a{font-size:20px;color:hsla(var(--awb-color8-h),var(--awb-color8-s),calc( var(--awb-color8-l) - 3% ),var(--awb-color8-a));font-family:\"Source Sans Pro\";font-weight:300;}.fusion-accordian  #accordion-1906-1 .toggle-content{font-size:17px;color:var(--awb-color6);font-family:\"Source Sans Pro\";font-weight:300;}.fusion-accordian  #accordion-1906-1 .fa-fusion-box { background-color: var(--awb-color8);border-color: var(--awb-color8);}.fusion-accordian  #accordion-1906-1 .panel-title a:not(.active):hover, #accordion-1906-1 .fusion-toggle-boxed-mode:hover .panel-title a { color: var(--awb-color4);}.fusion-accordian  #accordion-1906-1 .panel-title .active .fa-fusion-box,.fusion-accordian  #accordion-1906-1 .panel-title a:not(.active):hover .fa-fusion-box { background-color: var(--awb-color4)!important;border-color: var(--awb-color4)!important;}<\/style><div class=\"accordian fusion-accordian\"><div class=\"panel-group\" id=\"accordion-1906-1\"><style type=\"text\/css\">.fusion-accordian  #accordion-1906-1 .panel-eca4759346269f776 .panel-title a{}.fusion-accordian  #accordion-1906-1 .panel-eca4759346269f776 .toggle-content{}<\/style><div class=\"fusion-panel panel-default panel-eca4759346269f776\"><div class=\"panel-heading\"><h4 class=\"panel-title toggle\"><a class=\"active\" aria-expanded=\"true\" aria-controls=\"eca4759346269f776\" role=\"button\" data-toggle=\"collapse\" data-parent=\"#accordion-1906-1\" data-target=\"#eca4759346269f776\" href=\"#eca4759346269f776\"><span class=\"fusion-toggle-icon-wrapper\" aria-hidden=\"true\"><i class=\"fa-fusion-box active-icon awb-icon-minus\" aria-hidden=\"true\"><\/i><i class=\"fa-fusion-box inactive-icon awb-icon-plus\" aria-hidden=\"true\"><\/i><\/span><span class=\"fusion-toggle-heading\">VISION<\/span><\/a><\/h4><\/div><div id=\"eca4759346269f776\" class=\"panel-collapse collapse in\"><div class=\"panel-body toggle-content fusion-clearfix\">\n<p>Lidergest se distingue par l\u2019excellence <em><br \/>\n  <strong>des services <\/strong><br \/>\n<\/em>fournis et qui cherche, \u00e0 chaque instant,<em><br \/>\n  <strong> \u00e0 cr\u00e9er de la valeur <\/strong><br \/>\n<\/em>pour ses clients et \u00e0 d\u00e9passer leurs attentes.<\/p>\n<\/div><\/div><\/div><style type=\"text\/css\">.fusion-accordian  #accordion-1906-1 .panel-ad52d65d8b4e7021a .panel-title a{}.fusion-accordian  #accordion-1906-1 .panel-ad52d65d8b4e7021a .toggle-content{}<\/style><div class=\"fusion-panel panel-default panel-ad52d65d8b4e7021a\"><div class=\"panel-heading\"><h4 class=\"panel-title toggle\"><a aria-expanded=\"false\" aria-controls=\"ad52d65d8b4e7021a\" role=\"button\" data-toggle=\"collapse\" data-parent=\"#accordion-1906-1\" data-target=\"#ad52d65d8b4e7021a\" href=\"#ad52d65d8b4e7021a\"><span class=\"fusion-toggle-icon-wrapper\" aria-hidden=\"true\"><i class=\"fa-fusion-box active-icon awb-icon-minus\" aria-hidden=\"true\"><\/i><i class=\"fa-fusion-box inactive-icon awb-icon-plus\" aria-hidden=\"true\"><\/i><\/span><span class=\"fusion-toggle-heading\">MISSION<\/span><\/a><\/h4><\/div><div id=\"ad52d65d8b4e7021a\" class=\"panel-collapse collapse \"><div class=\"panel-body toggle-content fusion-clearfix\">\n<p>Notre mission est de <em><br \/>\n  <strong>soutenir <\/strong><br \/>\n<\/em>de mani\u00e8re d\u00e9di\u00e9e le d\u00e9veloppement des projets et des entreprises de nos clients, gr\u00e2ce \u00e0 une prestation de services int\u00e9gr\u00e9e et excellente,<\/p>\n<\/div><\/div><\/div><style type=\"text\/css\">.fusion-accordian  #accordion-1906-1 .panel-5e5de11076e8578d7 .panel-title a{}.fusion-accordian  #accordion-1906-1 .panel-5e5de11076e8578d7 .toggle-content{}<\/style><div class=\"fusion-panel panel-default panel-5e5de11076e8578d7\"><div class=\"panel-heading\"><h4 class=\"panel-title toggle\"><a aria-expanded=\"false\" aria-controls=\"5e5de11076e8578d7\" role=\"button\" data-toggle=\"collapse\" data-parent=\"#accordion-1906-1\" data-target=\"#5e5de11076e8578d7\" href=\"#5e5de11076e8578d7\"><span class=\"fusion-toggle-icon-wrapper\" aria-hidden=\"true\"><i class=\"fa-fusion-box active-icon awb-icon-minus\" aria-hidden=\"true\"><\/i><i class=\"fa-fusion-box inactive-icon awb-icon-plus\" aria-hidden=\"true\"><\/i><\/span><span class=\"fusion-toggle-heading\">VALEURS<\/span><\/a><\/h4><\/div><div id=\"5e5de11076e8578d7\" class=\"panel-collapse collapse \"><div class=\"panel-body toggle-content fusion-clearfix\">\n<p>Nous partageons un ensemble de valeurs fondamentales qui d\u00e9finissent notre identit\u00e9 et guident les actions et les comportements de nos employ\u00e9s.<br \/>\nNos valeurs consistent en un ensemble de principes et de normes de conduite qui d\u00e9terminent comment nous fournissons nos services et comment nous pr\u00e9sentons des solutions \u00e0 nos clients.<\/p>\n<\/div><\/div><\/div><style type=\"text\/css\">.fusion-accordian  #accordion-1906-1 .panel-730b3af2665ed2300 .panel-title a{}.fusion-accordian  #accordion-1906-1 .panel-730b3af2665ed2300 .toggle-content{}<\/style><div class=\"fusion-panel panel-default panel-730b3af2665ed2300\"><div class=\"panel-heading\"><h4 class=\"panel-title toggle\"><a aria-expanded=\"false\" aria-controls=\"730b3af2665ed2300\" role=\"button\" data-toggle=\"collapse\" data-parent=\"#accordion-1906-1\" data-target=\"#730b3af2665ed2300\" href=\"#730b3af2665ed2300\"><span class=\"fusion-toggle-icon-wrapper\" aria-hidden=\"true\"><i class=\"fa-fusion-box active-icon awb-icon-minus\" aria-hidden=\"true\"><\/i><i class=\"fa-fusion-box inactive-icon awb-icon-plus\" aria-hidden=\"true\"><\/i><\/span><span class=\"fusion-toggle-heading\">INT\u00c9GRIT\u00c9<\/span><\/a><\/h4><\/div><div id=\"730b3af2665ed2300\" class=\"panel-collapse collapse \"><div class=\"panel-body toggle-content fusion-clearfix\">\n<p>Nous sommes d\u00e9termin\u00e9s \u00e0 toujours respecter des normes \u00e9lev\u00e9es d\u2019int\u00e9grit\u00e9, bas\u00e9es sur des param\u00e8tres de haute rigueur et de transparence. Ce sont des hypoth\u00e8ses inali\u00e9nables dans la relation que nous avons \u00e9tablie avec nos clients et partenaires commerciaux.<\/p>\n<\/div><\/div><\/div><style type=\"text\/css\">.fusion-accordian  #accordion-1906-1 .panel-1cb7a0b019e491aba .panel-title a{}.fusion-accordian  #accordion-1906-1 .panel-1cb7a0b019e491aba .toggle-content{}<\/style><div class=\"fusion-panel panel-default panel-1cb7a0b019e491aba\"><div class=\"panel-heading\"><h4 class=\"panel-title toggle\"><a aria-expanded=\"false\" aria-controls=\"1cb7a0b019e491aba\" role=\"button\" data-toggle=\"collapse\" data-parent=\"#accordion-1906-1\" data-target=\"#1cb7a0b019e491aba\" href=\"#1cb7a0b019e491aba\"><span class=\"fusion-toggle-icon-wrapper\" aria-hidden=\"true\"><i class=\"fa-fusion-box active-icon awb-icon-minus\" aria-hidden=\"true\"><\/i><i class=\"fa-fusion-box inactive-icon awb-icon-plus\" aria-hidden=\"true\"><\/i><\/span><span class=\"fusion-toggle-heading\">DEMANDE<\/span><\/a><\/h4><\/div><div id=\"1cb7a0b019e491aba\" class=\"panel-collapse collapse \"><div class=\"panel-body toggle-content fusion-clearfix\">\n<p>Nous sommes guid\u00e9s par une recherche incessante de la connaissance. Nous croyons que la cl\u00e9 de notre succ\u00e8s r\u00e9side dans la formation continue de notre personnel et dans l\u2019exp\u00e9rience d\u2019une v\u00e9ritable culture de la demande.<\/p>\n<\/div><\/div><\/div><style type=\"text\/css\">.fusion-accordian  #accordion-1906-1 .panel-a0d019ca2c5af9568 .panel-title a{}.fusion-accordian  #accordion-1906-1 .panel-a0d019ca2c5af9568 .toggle-content{}<\/style><div class=\"fusion-panel panel-default panel-a0d019ca2c5af9568\"><div class=\"panel-heading\"><h4 class=\"panel-title toggle\"><a aria-expanded=\"false\" aria-controls=\"a0d019ca2c5af9568\" role=\"button\" data-toggle=\"collapse\" data-parent=\"#accordion-1906-1\" data-target=\"#a0d019ca2c5af9568\" href=\"#a0d019ca2c5af9568\"><span class=\"fusion-toggle-icon-wrapper\" aria-hidden=\"true\"><i class=\"fa-fusion-box active-icon awb-icon-minus\" aria-hidden=\"true\"><\/i><i class=\"fa-fusion-box inactive-icon awb-icon-plus\" aria-hidden=\"true\"><\/i><\/span><span class=\"fusion-toggle-heading\">CR\u00c9ATION DE VALEUR<\/span><\/a><\/h4><\/div><div id=\"a0d019ca2c5af9568\" class=\"panel-collapse collapse \"><div class=\"panel-body toggle-content fusion-clearfix\">\n<p>Nous visons \u00e0 chaque instant \u00e0 d\u00e9passer les attentes de nos clients, employ\u00e9s et partenaires, en cherchant \u00e0 cr\u00e9er de la valeur gr\u00e2ce \u00e0 une posture dynamique, innovante et ax\u00e9e sur les solutions.<\/p>\n<\/div><\/div><\/div><\/div><\/div><\/div><style type=\"text\/css\">.fusion-body .fusion-builder-column-3{width:100% !important;margin-top : 0px;margin-bottom : 0px;}.fusion-builder-column-3 > .fusion-column-wrapper {padding-top : 13% !important;padding-right : 8% !important;margin-right : 0px;padding-bottom : 13% !important;padding-left : 8% !important;margin-left : 0px;}@media only screen and (max-width:1024px) {.fusion-body .fusion-builder-column-3{width:100% !important;order : 0;}.fusion-builder-column-3 > .fusion-column-wrapper {margin-right : 0px;margin-left : 0px;}}@media only screen and (max-width:640px) {.fusion-body .fusion-builder-column-3{width:100% !important;order : 0;}.fusion-builder-column-3 > .fusion-column-wrapper {margin-right : 0px;margin-left : 0px;}}<\/style><\/div><\/div><style type=\"text\/css\">.fusion-body .fusion-flex-container.fusion-builder-row-3{ padding-top : 0px;margin-top : 0px;padding-right : 0px;padding-bottom : 0px;margin-bottom : 0px;padding-left : 0px;}<\/style><\/div><\/p>\n","protected":false},"excerpt":{"rendered":"","protected":false},"author":1,"featured_media":0,"parent":0,"menu_order":0,"comment_status":"closed","ping_status":"closed","template":"100-width.php","meta":{"footnotes":""},"class_list":["post-1906","page","type-page","status-publish","hentry"],"_links":{"self":[{"href":"https:\/\/www.lidergest.pt\/fr\/wp-json\/wp\/v2\/pages\/1906","targetHints":{"allow":["GET"]}}],"collection":[{"href":"https:\/\/www.lidergest.pt\/fr\/wp-json\/wp\/v2\/pages"}],"about":[{"href":"https:\/\/www.lidergest.pt\/fr\/wp-json\/wp\/v2\/types\/page"}],"author":[{"embeddable":true,"href":"https:\/\/www.lidergest.pt\/fr\/wp-json\/wp\/v2\/users\/1"}],"replies":[{"embeddable":true,"href":"https:\/\/www.lidergest.pt\/fr\/wp-json\/wp\/v2\/comments?post=1906"}],"version-history":[{"count":11,"href":"https:\/\/www.lidergest.pt\/fr\/wp-json\/wp\/v2\/pages\/1906\/revisions"}],"predecessor-version":[{"id":2550,"href":"https:\/\/www.lidergest.pt\/fr\/wp-json\/wp\/v2\/pages\/1906\/revisions\/2550"}],"wp:attachment":[{"href":"https:\/\/www.lidergest.pt\/fr\/wp-json\/wp\/v2\/media?parent=1906"}],"curies":[{"name":"wp","href":"https:\/\/api.w.org\/{rel}","templated":true}]}}