{"id":2063,"date":"2022-04-04T16:21:37","date_gmt":"2022-04-04T16:21:37","guid":{"rendered":"https:\/\/www.lidergest.pt\/servicios\/servicios-de-consultoria\/"},"modified":"2022-04-15T18:09:32","modified_gmt":"2022-04-15T18:09:32","slug":"servicios-de-consultoria","status":"publish","type":"page","link":"https:\/\/www.lidergest.pt\/es\/servicios\/servicios-de-consultoria\/","title":{"rendered":"Servicios de Consultor\u00eda"},"content":{"rendered":"<p><div class=\"fusion-bg-parallax\" data-bg-align=\"center center\" data-direction=\"up\" data-mute=\"false\" data-opacity=\"100\" data-velocity=\"-0.4\" data-mobile-enabled=\"false\" data-break_parents=\"0\" data-bg-image=\"https:\/\/www.lidergest.pt\/wp-content\/uploads\/2022\/03\/Foto-140-1-scaled.jpg\" data-bg-repeat=\"false\" ><\/div><div class=\"fusion-fullwidth fullwidth-box fusion-builder-row-1 fusion-flex-container fusion-parallax-up nonhundred-percent-fullwidth non-hundred-percent-height-scrolling lazyload\" style=\"background-color: rgba(255,255,255,0);background-position: center center;background-repeat: no-repeat;border-width: 0px 0px 0px 0px;border-color:var(--awb-color3);border-style:solid;-webkit-background-size:cover;-moz-background-size:cover;-o-background-size:cover;background-size:cover;\" data-bg=\"https:\/\/www.lidergest.pt\/wp-content\/uploads\/2022\/03\/Foto-140-1-scaled.jpg\" ><div class=\"fusion-builder-row fusion-row fusion-flex-align-items-flex-start\" style=\"max-width:calc( 1170px + 0px );margin-left: calc(-0px \/ 2 );margin-right: calc(-0px \/ 2 );\"><div class=\"fusion-layout-column fusion_builder_column fusion-builder-column-0 fusion_builder_column_1_1 1_1 fusion-flex-column\"><div class=\"fusion-column-wrapper fusion-flex-justify-content-flex-start fusion-content-layout-column\" style=\"background-position:left top;background-blend-mode: overlay;background-repeat:no-repeat;-webkit-background-size:cover;-moz-background-size:cover;-o-background-size:cover;background-size:cover;padding: 0px 0px 0px 0px;\"><style type=\"text\/css\">@media only screen and (max-width:1024px) {.fusion-title.fusion-title-1{margin-top:50px!important; margin-right:0px!important;margin-bottom:30px!important;margin-left:0px!important;}}@media only screen and (max-width:640px) {.fusion-title.fusion-title-1{margin-top:0px!important; margin-right:0px!important;margin-bottom:20px!important; margin-left:0px!important;}}<\/style><div class=\"fusion-title title fusion-title-1 fusion-sep-none fusion-title-center fusion-title-text fusion-title-size-one\" style=\"margin-top:50px;margin-right:0px;margin-bottom:30px;margin-left:0px;\"><h1 class=\"title-heading-center fusion-responsive-typography-calculated\" style=\"margin:0;color:var(--awb-color1);--fontSize:46;line-height:var(--awb-typography1-line-height);\"><span style=\"color: var(--awb-color4);\">Servicios de Consultor\u00eda<\/span><\/h1><\/div><div class=\"fusion-separator fusion-full-width-sep\" style=\"align-self: center;margin-left: auto;margin-right: auto;margin-top:40px;width:100%;\"><\/div><a class=\"fb-icon-element-1 fb-icon-element fontawesome-icon awb-health-chevron-down circle-no fusion-animated fusion-link fusion-one-page-text-link\" style=\"font-size:70px;margin: 0px;\" data-animationType=\"fadeInUp\" data-animationDuration=\"0.6\" data-animationOffset=\"top-into-view\" href=\"#contact\" aria-label=\"Link to #contact\" target=\"_self\"><\/a><style>a.fb-icon-element.fontawesome-icon.fb-icon-element-1{ color: var(--awb-color1);}a.fb-icon-element.fontawesome-icon.fb-icon-element-1:hover { color: var(--awb-color1);}a.fb-icon-element.fontawesome-icon.fb-icon-element-1{ align-self:center;}<\/style><\/div><style type=\"text\/css\">.fusion-body .fusion-builder-column-0{width:100% !important;margin-top : 0px;margin-bottom : 30px;}.fusion-builder-column-0 > .fusion-column-wrapper {padding-top : 0px !important;padding-right : 0px !important;margin-right : 0px;padding-bottom : 0px !important;padding-left : 0px !important;margin-left : 0px;}@media only screen and (max-width:1024px) {.fusion-body .fusion-builder-column-0{width:100% !important;}.fusion-builder-column-0 > .fusion-column-wrapper {margin-right : 0px;margin-left : 0px;}}@media only screen and (max-width:640px) {.fusion-body .fusion-builder-column-0{width:100% !important;}.fusion-builder-column-0 > .fusion-column-wrapper {margin-right : 0px;margin-left : 0px;}}<\/style><\/div><\/div><style type=\"text\/css\">.fusion-body .fusion-flex-container.fusion-builder-row-1{ padding-top : 10%;margin-top : 0px;padding-right : 5%;padding-bottom : 10%;margin-bottom : 0px;padding-left : 5%;}<\/style><\/div><div id=\"contacto\"><div class=\"fusion-fullwidth fullwidth-box fusion-builder-row-2 fusion-flex-container hundred-percent-fullwidth non-hundred-percent-height-scrolling\" style=\"background-color: rgba(255,255,255,0);background-position: left top;background-repeat: no-repeat;border-width: 0px 0px 0px 0px;border-color:var(--awb-color3);border-style:solid;\" ><div class=\"fusion-builder-row fusion-row fusion-flex-align-items-stretch\" style=\"width:104% !important;max-width:104% !important;margin-left: calc(-4% \/ 2 );margin-right: calc(-4% \/ 2 );\"><div class=\"fusion-layout-column fusion_builder_column fusion-builder-column-1 fusion_builder_column_3_5 3_5 fusion-flex-column\"><div class=\"fusion-column-wrapper fusion-flex-justify-content-flex-start fusion-content-layout-column\" style=\"background-position:left top;background-blend-mode: overlay;background-repeat:no-repeat;-webkit-background-size:cover;-moz-background-size:cover;-o-background-size:cover;background-size:cover;padding: 100px 10% 100px 10%;\"><style type=\"text\/css\">@media only screen and (max-width:1024px) {.fusion-title.fusion-title-2{margin-top:0px!important; margin-right:0px!important;margin-bottom:50px!important;margin-left:0px!important;}}@media only screen and (max-width:640px) {.fusion-title.fusion-title-2{margin-top:0px!important; margin-right:0px!important;margin-bottom:20px!important; margin-left:0px!important;}}<\/style><div class=\"fusion-title title fusion-title-2 fusion-sep-none fusion-title-text fusion-title-size-two\" style=\"margin-top:0px;margin-right:0px;margin-bottom:50px;margin-left:0px;\"><h2 class=\"title-heading-left fusion-responsive-typography-calculated\" style=\"margin:0;--fontSize:46;line-height:1.25;\"><strong>Servicios de Consultor\u00eda<\/strong><\/h2><\/div><div class=\"fusion-text fusion-text-1\"><p>Vivimos en una era en la que el cambio se produce a una velocidad vertiginosa, por lo que es esencial evolucionar r\u00e1pidamente y adaptar las pr\u00e1cticas de gesti\u00f3n a la realidad de los mercados y las organizaciones. La gesti\u00f3n \u00e1gil e innovadora es cada vez m\u00e1s necesaria para garantizar la competitividad de la empresa frente a los competidores.<\/p>\n<p>Lidergest cuenta con una red de partners altamente especializada y experimentada, dispuesta a dar una respuesta multidisciplinar a las necesidades de las empresas a diversos niveles:<\/p>\n<p>SERVICIOS LEGALES<br \/>\nDiferentes necesidades requieren diferentes especialidades. A lo largo de nuestros 16 a\u00f1os de actividad hemos desarrollado alianzas con despachos de abogados especializados y experimentados en las m\u00e1s variadas \u00e1reas legales. Gracias a la visi\u00f3n integrada que tenemos de nuestros clientes, identificamos y asesoramos a los expertos capaces de dar la mejor respuesta a las necesidades de cada cliente, en cada etapa de su inversi\u00f3n.<\/p>\n<p>FISCALIDAD CORPORATIVA E INTERNACIONAL<br \/>\nComo resultado de la creciente complejidad y las tendencias regulatorias, la gesti\u00f3n adecuada de la carga fiscal es cada vez m\u00e1s desafiante para cualquier empresa, requiriendo un monitoreo especializado y continuo tanto a nivel local como internacional.<\/p>\n<p>INFORME Y ESTRATEGIA FISCAL<br \/>\nEl incumplimiento de las obligaciones tributarias expone a la empresa a altos riesgos financieros y reputacionales, con impactos que pueden resultar perjudiciales. El asesoramiento adecuado permite repensar la funci\u00f3n tributaria mediante el uso de herramientas fiscales digitales que aseguren el cumplimiento de las obligaciones tributarias y la base necesaria para la definici\u00f3n de una estrategia fiscal eficiente y un seguimiento constante del plan trazado.<\/p>\n<p>PRECIOS DE TRANSFERENCIA<br \/>\nLa globalizaci\u00f3n lleva a un aumento de las transacciones entre empresas que operan en diferentes jurisdicciones, lo que hace que las normas de precios de transferencia sean cada vez m\u00e1s el foco de las Administraciones Tributarias, por lo que su seguimiento es extremadamente relevante. Lidergest utiliza expertos en transacciones nacionales e internacionales capaces de analizar las relaciones intragrupo y preparar su expediente de precios de transferencia, teniendo en cuenta los requisitos de jurisdicciones fiscales diferentes y, a menudo, superpuestas.<\/p>\n<p>FINANZAS CORPORATIVAS<br \/>\nNuestros socios brindan servicios de apoyo para la estructuraci\u00f3n de fuentes de financiamiento corporativo, capital de la compa\u00f1\u00eda y decisiones de gesti\u00f3n para crear valor para los accionistas. Empresas, fondos, private equity, family offices e inversiones privadas pueden contar con apoyo especializado en sus principales retos financieros, desde la revisi\u00f3n asertiva de la cartera de activos, hasta la estructuraci\u00f3n de procesos de asignaci\u00f3n de capital pasando por el an\u00e1lisis del plan financiero para sustentar la decisi\u00f3n m\u00e1s adecuada.<\/p>\n<p>REESTRUCTURACI\u00d3N<br \/>\nLa reestructuraci\u00f3n es un reto exigente para una Organizaci\u00f3n cuando el rendimiento empresarial es inferior y las dificultades financieras aumentan, un reto que va mucho m\u00e1s all\u00e1 de la gesti\u00f3n diaria de una empresa. Lidergest colabora con especialistas en procesos de reestructuraci\u00f3n en situaciones cr\u00edticas y complejas, que conducen a una profunda transformaci\u00f3n en la forma de hacer negocios y maximizan el \u00e9xito de acreedores, gestores y accionistas en la recuperaci\u00f3n del capital invertido y la reducci\u00f3n de su exposici\u00f3n al riesgo.<\/p>\n<p>SERVICIOS DE TRANSACCI\u00d3N<br \/>\nEl crecimiento org\u00e1nico a trav\u00e9s de fusiones y adquisiciones ha demostrado ser cada vez m\u00e1s estrat\u00e9gico para el \u00e9xito global de las organizaciones. Lidergest cuenta con socios especializados que ayudan a tomar decisiones apropiadas durante la transacci\u00f3n, proporcionando una comprensi\u00f3n m\u00e1s profunda del negocio, los riesgos asociados y las oportunidades que la transacci\u00f3n puede representar estrat\u00e9gicamente, as\u00ed como ayudar en el desaf\u00edo de la gesti\u00f3n posterior a la adquisici\u00f3n. Los servicios incluyen, entre otras cosas, apoyo en procesos de compra y venta, fusiones y adquisiciones y valoraci\u00f3n y modelizaci\u00f3n<\/p>\n<p>CONSULTOR\u00cdA DE GESTI\u00d3N E INNOVACI\u00d3N<br \/>\nHoy en d\u00eda los cambios se producen a una velocidad vertiginosa, requiriendo una r\u00e1pida evoluci\u00f3n y desaliento con pr\u00e1cticas de gesti\u00f3n que pueden resultar inadecuadas para la realidad actual de las organizaciones. La gesti\u00f3n \u00e1gil e innovadora es cada vez m\u00e1s necesaria para garantizar la competitividad de la empresa frente a los competidores. Con Lidergest y nuestros partners, podr\u00e1s contar con una l\u00ednea de servicios especializados en el desarrollo y crecimiento de organizaciones a trav\u00e9s de soluciones estrat\u00e9gicas de diferenciaci\u00f3n e innovaci\u00f3n empresarial, as\u00ed como desarrollo de modelos de negocio centrados en el cliente, redise\u00f1o de modelos de negocio operativos a nivel log\u00edstico, segmentaci\u00f3n de clientes, tecnolog\u00eda, control interno,  recursos humanos, entre otros.<\/p>\n<p>AUDITOR\u00cdA<br \/>\nLa auditor\u00eda es un pilar clave para proporcionar confianza a los lectores de los estados financieros de una Empresa, sirviendo al inter\u00e9s p\u00fablico en los mercados y los negocios, con el fin de acelerar el crecimiento econ\u00f3mico de manera sostenida. Nuestros socios proporcionan servicios de auditor\u00eda especializados, desarrollados por equipos multidisciplinarios a trav\u00e9s de un enfoque digital y eficiente, agregando valor a los informes financieros y ofreciendo asesoramiento de gesti\u00f3n continuo durante todo el a\u00f1o.<\/p>\n<p>ASEGURAMIENTO<br \/>\nEl proceso decisivo es cada vez m\u00e1s una tarea desafiante y preponderante, donde los errores son caros. La informaci\u00f3n debe ser confiable, relevante y completa para que la Administraci\u00f3n pueda tomar decisiones comerciales apropiadas con el fin de mitigar el riesgo involucrado y mejorar su rendimiento. Nuestros socios ofrecen excelencia t\u00e9cnica y un enfoque profundo de asuntos complejos, asegurando la confianza en la informaci\u00f3n donde existen incertidumbres e yendo m\u00e1s all\u00e1 de lo que se cubre en una auditor\u00eda de estados financieros.<\/p>\n<p>AUDITOR\u00cdA FORENSE<br \/>\nEl \u00e9xito de las organizaciones depende hoy en gran medida de su reputaci\u00f3n y de la forma \u00e9tica en que operan ante el mercado, ante sus empleados y sus grupos de inter\u00e9s. Sin embargo, las empresas operan constantemente bajo la amenaza de los factores del tri\u00e1ngulo del fraude corporativo: presi\u00f3n, oportunidad y racionalizaci\u00f3n. Lidergest colabora con expertos en materia econ\u00f3mica, financiera y de tecnolog\u00eda forense, dedicados a asistir a sus clientes en litigios e investigaciones de presuntos fraudes de actos conscientes o voluntarios, ayudando a sus asesores legales a conocer los hechos de forma r\u00e1pida y concisa.<\/p>\n<p>PROYECTOS DE INVERSI\u00d3N<br \/>\nContar con nuestros socios para el an\u00e1lisis de riesgo crediticio, elaboraci\u00f3n de planes de negocio y estudios de viabilidad econ\u00f3mica y financiera, asesoramiento y seguimiento de fuentes de financiaci\u00f3n as\u00ed como preparaci\u00f3n de solicitudes de sistemas de incentivos.<\/p>\n<\/div><\/div><style type=\"text\/css\">.fusion-body .fusion-builder-column-1{width:60% !important;margin-top : 0px;margin-bottom : 0px;}.fusion-builder-column-1 > .fusion-column-wrapper {padding-top : 100px !important;padding-right : 10% !important;margin-right : 3.84%;padding-bottom : 100px !important;padding-left : 10% !important;margin-left : 3.2%;}@media only screen and (max-width:1024px) {.fusion-body .fusion-builder-column-1{width:100% !important;}.fusion-builder-column-1 > .fusion-column-wrapper {margin-right : 1.92%;margin-left : 1.92%;}}@media only screen and (max-width:640px) {.fusion-body .fusion-builder-column-1{width:100% !important;}.fusion-builder-column-1 > .fusion-column-wrapper {margin-right : 1.92%;margin-left : 1.92%;}}<\/style><\/div><div class=\"fusion-layout-column fusion_builder_column fusion-builder-column-2 fusion_builder_column_2_5 2_5 fusion-flex-column\"><div class=\"fusion-column-wrapper fusion-flex-justify-content-flex-start fusion-content-layout-column\" style=\"background-position:left top;background-repeat:no-repeat;-webkit-background-size:cover;-moz-background-size:cover;-o-background-size:cover;background-size:cover;background-color:var(--awb-color2);padding: 100px 10% 100px 10%;\"><div class=\"fusion-widget-area fusion-widget-area-1 fusion-content-widget-area\"><style type=\"text\/css\">.fusion-widget-area-1 {padding:0px 0px 0px 0px;}.fusion-widget-area-1 .widget h4 {color:var(--awb-color7);}.fusion-widget-area-1 .widget .heading h4 {color:var(--awb-color7);}.fusion-widget-area-1 .widget h4 {font-size:18px;}.fusion-widget-area-1 .widget .heading h4 {font-size:18px;}<\/style><div class=\"fusion-additional-widget-content\"><\/div><\/div><\/div><style type=\"text\/css\">.fusion-body .fusion-builder-column-2{width:40% !important;margin-top : 50px;margin-bottom : 50px;}.fusion-builder-column-2 > .fusion-column-wrapper {padding-top : 100px !important;padding-right : 10% !important;margin-right : 4.8%;padding-bottom : 100px !important;padding-left : 10% !important;margin-left : 3.84%;}@media only screen and (max-width:1024px) {.fusion-body .fusion-builder-column-2{width:100% !important;order : 0;}.fusion-builder-column-2 > .fusion-column-wrapper {margin-right : 1.92%;margin-left : 1.92%;}}@media only screen and (max-width:640px) {.fusion-body .fusion-builder-column-2{width:100% !important;order : 0;}.fusion-builder-column-2 > .fusion-column-wrapper {margin-right : 1.92%;margin-left : 1.92%;}}<\/style><\/div><\/div><style type=\"text\/css\">.fusion-body .fusion-flex-container.fusion-builder-row-2{ padding-top : 0px;margin-top : 0px;padding-right : 0px;padding-bottom : 0px;margin-bottom : 0px;padding-left : 0px;}<\/style><\/div><\/div><div id=\"contacto\"><div class=\"fusion-fullwidth fullwidth-box fusion-builder-row-3 fusion-flex-container hundred-percent-fullwidth non-hundred-percent-height-scrolling\" style=\"background-color: rgba(255,255,255,0);background-position: left top;background-repeat: no-repeat;border-width: 0px 0px 0px 0px;border-color:var(--awb-color3);border-style:solid;\" ><div class=\"fusion-builder-row fusion-row fusion-flex-align-items-stretch\" style=\"width:104% !important;max-width:104% !important;margin-left: calc(-4% \/ 2 );margin-right: calc(-4% \/ 2 );\"><div class=\"fusion-layout-column fusion_builder_column fusion-builder-column-3 fusion_builder_column_3_5 3_5 fusion-flex-column\"><div class=\"fusion-column-wrapper fusion-flex-justify-content-flex-start fusion-content-layout-column\" style=\"background-position:left top;background-blend-mode: overlay;background-repeat:no-repeat;-webkit-background-size:cover;-moz-background-size:cover;-o-background-size:cover;background-size:cover;padding: 100px 10% 100px 10%;\"><div ><style>.fusion-button.button-1{border-radius:2px 2px 2px 2px;}<\/style><a class=\"fusion-button button-flat fusion-button-default-size button-default button-1 fusion-button-default-span fusion-button-default-type\" target=\"_self\" href=\"https:\/\/www.lidergest.pt\/es\/contactos\/\" style=\"width:calc(100%);\"><span class=\"fusion-button-text\">Cont\u00e1ctanos para m\u00e1s informaci\u00f3n<\/span><\/a><\/div><\/div><style type=\"text\/css\">.fusion-body .fusion-builder-column-3{width:60% !important;margin-top : 0px;margin-bottom : 0px;}.fusion-builder-column-3 > .fusion-column-wrapper {padding-top : 100px !important;padding-right : 10% !important;margin-right : 3.84%;padding-bottom : 100px !important;padding-left : 10% !important;margin-left : 3.2%;}@media only screen and (max-width:1024px) {.fusion-body .fusion-builder-column-3{width:100% !important;}.fusion-builder-column-3 > .fusion-column-wrapper {margin-right : 1.92%;margin-left : 1.92%;}}@media only screen and (max-width:640px) {.fusion-body .fusion-builder-column-3{width:100% !important;}.fusion-builder-column-3 > .fusion-column-wrapper {margin-right : 1.92%;margin-left : 1.92%;}}<\/style><\/div><\/div><style type=\"text\/css\">.fusion-body .fusion-flex-container.fusion-builder-row-3{ padding-top : 0px;margin-top : 0px;padding-right : 0px;padding-bottom : 0px;margin-bottom : 0px;padding-left : 0px;}<\/style><\/div><\/div><\/p>\n","protected":false},"excerpt":{"rendered":"","protected":false},"author":1,"featured_media":0,"parent":2008,"menu_order":6,"comment_status":"closed","ping_status":"closed","template":"100-width.php","meta":{"footnotes":""},"class_list":["post-2063","page","type-page","status-publish","hentry"],"_links":{"self":[{"href":"https:\/\/www.lidergest.pt\/es\/wp-json\/wp\/v2\/pages\/2063","targetHints":{"allow":["GET"]}}],"collection":[{"href":"https:\/\/www.lidergest.pt\/es\/wp-json\/wp\/v2\/pages"}],"about":[{"href":"https:\/\/www.lidergest.pt\/es\/wp-json\/wp\/v2\/types\/page"}],"author":[{"embeddable":true,"href":"https:\/\/www.lidergest.pt\/es\/wp-json\/wp\/v2\/users\/1"}],"replies":[{"embeddable":true,"href":"https:\/\/www.lidergest.pt\/es\/wp-json\/wp\/v2\/comments?post=2063"}],"version-history":[{"count":2,"href":"https:\/\/www.lidergest.pt\/es\/wp-json\/wp\/v2\/pages\/2063\/revisions"}],"predecessor-version":[{"id":2065,"href":"https:\/\/www.lidergest.pt\/es\/wp-json\/wp\/v2\/pages\/2063\/revisions\/2065"}],"up":[{"embeddable":true,"href":"https:\/\/www.lidergest.pt\/es\/wp-json\/wp\/v2\/pages\/2008"}],"wp:attachment":[{"href":"https:\/\/www.lidergest.pt\/es\/wp-json\/wp\/v2\/media?parent=2063"}],"curies":[{"name":"wp","href":"https:\/\/api.w.org\/{rel}","templated":true}]}}