{"id":2054,"date":"2022-04-04T16:20:43","date_gmt":"2022-04-04T16:20:43","guid":{"rendered":"https:\/\/www.lidergest.pt\/servicios\/servicios-de-reubicacion\/"},"modified":"2023-09-21T17:02:49","modified_gmt":"2023-09-21T17:02:49","slug":"servicios-de-reubicacion","status":"publish","type":"page","link":"https:\/\/www.lidergest.pt\/es\/servicios\/servicios-de-reubicacion\/","title":{"rendered":"Servicios de reubicaci\u00f3n"},"content":{"rendered":"<p><div class=\"fusion-bg-parallax\" data-bg-align=\"center center\" data-direction=\"up\" data-mute=\"false\" data-opacity=\"100\" data-velocity=\"-0.4\" data-mobile-enabled=\"false\" data-break_parents=\"0\" data-bg-image=\"https:\/\/www.lidergest.pt\/wp-content\/uploads\/2022\/05\/city-g2b8ac808f_1920.jpg\" data-bg-repeat=\"false\" ><\/div><div class=\"fusion-fullwidth fullwidth-box fusion-builder-row-1 fusion-flex-container fusion-parallax-up nonhundred-percent-fullwidth non-hundred-percent-height-scrolling lazyload\" style=\"background-color: rgba(255,255,255,0);background-position: center center;background-repeat: no-repeat;border-width: 0px 0px 0px 0px;border-color:var(--awb-color3);border-style:solid;-webkit-background-size:cover;-moz-background-size:cover;-o-background-size:cover;background-size:cover;\" data-bg=\"https:\/\/www.lidergest.pt\/wp-content\/uploads\/2022\/05\/city-g2b8ac808f_1920.jpg\" ><div class=\"fusion-builder-row fusion-row fusion-flex-align-items-flex-start\" style=\"max-width:calc( 1170px + 0px );margin-left: calc(-0px \/ 2 );margin-right: calc(-0px \/ 2 );\"><div class=\"fusion-layout-column fusion_builder_column fusion-builder-column-0 fusion_builder_column_1_1 1_1 fusion-flex-column\"><div class=\"fusion-column-wrapper fusion-flex-justify-content-flex-start fusion-content-layout-column\" style=\"background-position:left top;background-blend-mode: overlay;background-repeat:no-repeat;-webkit-background-size:cover;-moz-background-size:cover;-o-background-size:cover;background-size:cover;padding: 0px 0px 0px 0px;\"><style type=\"text\/css\">@media only screen and (max-width:1024px) {.fusion-title.fusion-title-1{margin-top:50px!important; margin-right:0px!important;margin-bottom:30px!important;margin-left:0px!important;}}@media only screen and (max-width:640px) {.fusion-title.fusion-title-1{margin-top:0px!important; margin-right:0px!important;margin-bottom:20px!important; margin-left:0px!important;}}<\/style><div class=\"fusion-title title fusion-title-1 fusion-sep-none fusion-title-center fusion-title-text fusion-title-size-one\" style=\"margin-top:50px;margin-right:0px;margin-bottom:30px;margin-left:0px;\"><h1 class=\"title-heading-center fusion-responsive-typography-calculated\" style=\"margin:0;color:var(--awb-color1);--fontSize:46;line-height:var(--awb-typography1-line-height);\"><span style=\"color: var(--awb-color4);\">Servicios de reubicaci\u00f3n<\/span><\/h1><\/div><div class=\"fusion-separator fusion-full-width-sep\" style=\"align-self: center;margin-left: auto;margin-right: auto;margin-top:40px;width:100%;\"><\/div><a class=\"fb-icon-element-1 fb-icon-element fontawesome-icon awb-health-chevron-down circle-no fusion-animated fusion-link fusion-one-page-text-link\" style=\"font-size:70px;margin: 0px;\" data-animationType=\"fadeInUp\" data-animationDuration=\"0.6\" data-animationOffset=\"top-into-view\" href=\"#contact\" aria-label=\"Link to #contact\" target=\"_self\"><\/a><style>a.fb-icon-element.fontawesome-icon.fb-icon-element-1{ color: var(--awb-color1);}a.fb-icon-element.fontawesome-icon.fb-icon-element-1:hover { color: var(--awb-color1);}a.fb-icon-element.fontawesome-icon.fb-icon-element-1{ align-self:center;}<\/style><\/div><style type=\"text\/css\">.fusion-body .fusion-builder-column-0{width:100% !important;margin-top : 0px;margin-bottom : 30px;}.fusion-builder-column-0 > .fusion-column-wrapper {padding-top : 0px !important;padding-right : 0px !important;margin-right : 0px;padding-bottom : 0px !important;padding-left : 0px !important;margin-left : 0px;}@media only screen and (max-width:1024px) {.fusion-body .fusion-builder-column-0{width:100% !important;}.fusion-builder-column-0 > .fusion-column-wrapper {margin-right : 0px;margin-left : 0px;}}@media only screen and (max-width:640px) {.fusion-body .fusion-builder-column-0{width:100% !important;}.fusion-builder-column-0 > .fusion-column-wrapper {margin-right : 0px;margin-left : 0px;}}<\/style><\/div><\/div><style type=\"text\/css\">.fusion-body .fusion-flex-container.fusion-builder-row-1{ padding-top : 10%;margin-top : 0px;padding-right : 5%;padding-bottom : 10%;margin-bottom : 0px;padding-left : 5%;}<\/style><\/div><div id=\"contact\"><div class=\"fusion-fullwidth fullwidth-box fusion-builder-row-2 fusion-flex-container hundred-percent-fullwidth non-hundred-percent-height-scrolling\" style=\"background-color: rgba(255,255,255,0);background-position: left top;background-repeat: no-repeat;border-width: 0px 0px 0px 0px;border-color:var(--awb-color3);border-style:solid;\" ><div class=\"fusion-builder-row fusion-row fusion-flex-align-items-stretch\" style=\"width:104% !important;max-width:104% !important;margin-left: calc(-4% \/ 2 );margin-right: calc(-4% \/ 2 );\"><div class=\"fusion-layout-column fusion_builder_column fusion-builder-column-1 fusion_builder_column_3_5 3_5 fusion-flex-column\"><div class=\"fusion-column-wrapper fusion-flex-justify-content-flex-start fusion-content-layout-column\" style=\"background-position:left top;background-blend-mode: overlay;background-repeat:no-repeat;-webkit-background-size:cover;-moz-background-size:cover;-o-background-size:cover;background-size:cover;padding: 100px 10% 100px 10%;\"><style type=\"text\/css\">@media only screen and (max-width:1024px) {.fusion-title.fusion-title-2{margin-top:0px!important; margin-right:0px!important;margin-bottom:50px!important;margin-left:0px!important;}}@media only screen and (max-width:640px) {.fusion-title.fusion-title-2{margin-top:0px!important; margin-right:0px!important;margin-bottom:20px!important; margin-left:0px!important;}}<\/style><div class=\"fusion-title title fusion-title-2 fusion-sep-none fusion-title-text fusion-title-size-two\" style=\"margin-top:0px;margin-right:0px;margin-bottom:50px;margin-left:0px;\"><h2 class=\"title-heading-left fusion-responsive-typography-calculated\" style=\"margin:0;--fontSize:46;line-height:1.25;\"><strong>Servicios de reubicaci\u00f3n<\/strong><\/h2><\/div><div class=\"fusion-text fusion-text-1\"><p>Lidergest ofrece un servicio llave en mano para las personas que desean mudarse a Portugal. Contamos con m\u00e1s de una d\u00e9cada de experiencia, una red especializada de socios y una visi\u00f3n integrada que nos permite ayudar a nuestros clientes a programar adecuadamente los pasos de traslado de residencia a Portugal, anticip\u00e1ndonos a las necesidades en las diferentes etapas del proceso y asegurando una integraci\u00f3n no sorprendente en el nuevo pa\u00eds.<\/p>\n<p>Cuente con nuestro apoyo para:<\/p>\n<ul>\n<li>Obtener un permiso de residencia para inversi\u00f3n (Golden Visa)<\/li>\n<li>Obtener un permiso de residencia para emprendedores, trabajadores cualificados o start-ups<\/li>\n<li>Encuentra la propiedad ideal para alquilar o comprar<\/li>\n<li>Abrir una cuenta bancaria<\/li>\n<li>Obtenga el NIF y la representaci\u00f3n fiscal<\/li>\n<li>Obtener la condici\u00f3n de residente no habitual<\/li>\n<li>Servicios de contabilidad y cumplimiento tributario<\/li>\n<li>Iniciar actividad, crear o reubicar empresas<\/li>\n<li>Obtenga asistencia legal, fiscal o financiera a trav\u00e9s de nuestra red de socios altamente calificados y experimentados<\/li>\n<li>Legalizar veh\u00edculos exentos<\/li>\n<\/ul>\n<p style=\"text-align: justify;\">PERMISOS DE RESIDENCIA PARA INVERSI\u00d3N (GOLD VISA), EMPRENDIMIENTO O TRABAJO<br \/>\nLidergest proporciona apoyo en tr\u00e1mites administrativos y servicios de inmigraci\u00f3n, para que pueda obtener su Golden Visa o permiso de residencia en Portugal para inversi\u00f3n, emprendimiento o trabajo en Portugal, de una manera sencilla y r\u00e1pida.<br \/>\nTambi\u00e9n ayudamos a obtener el estatus de residente no habitual (RNH) y abordamos el cumplimiento de sus obligaciones fiscales y en coordinaci\u00f3n con los servicios del gobierno local.<\/p>\n<p>OBTENGA EL NIF EN PORTUGAL<br \/>\nLa obtenci\u00f3n del NIF (N\u00famero de Identificaci\u00f3n Fiscal Portugu\u00e9s) es esencial para su vida diaria en Portugal. Necesitar\u00e1 el NIF en Portugal para abrir una cuenta bancaria, alquilar una casa o comprar una propiedad, registrarse en el Servicio Nacional de Salud, entre muchos otros. Los ciudadanos de fuera de la Uni\u00f3n Europea deben designar un representante fiscal en Portugal. Cuente con nosotros para ayudarle en este proceso y garantizar el cumplimiento de las obligaciones fiscales en Portugal.<\/p>\n<p>ABRIR CUENTA BANCARIA EN PORTUGAL<br \/>\nNo es necesario enfatizar la importancia de abrir una cuenta bancaria. Sin embargo, lo que podr\u00eda ser un proceso relativamente simple puede volverse complejo y lento con la creciente presi\u00f3n para implementar reglas contra el lavado de dinero y el financiamiento del terrorismo (BCFT), procedimientos KYC y KYB, entre otras formalidades. Afortunadamente, Lidergest est\u00e1 de su lado al abrir una cuenta bancaria.<\/p>\n<p>TRANSPORTE E IMPORTACI\u00d3N DE BIENES MUEBLES A PORTUGAL<br \/>\nSi no es ciudadano de la Uni\u00f3n Europea y est\u00e1 pensando en traer bienes personales a Portugal (incluidas mascotas, veh\u00edculos y barcos), sepa que la importaci\u00f3n de bienes personales a Portugal se puede hacer libre de derechos de aduana e IVA, siempre que se cumplan ciertas condiciones. Es fundamental preparar adecuadamente el cambio y reunir la documentaci\u00f3n necesaria tanto en el pa\u00eds de salida como en Portugal, para que el proceso se lleve a cabo dentro de los plazos deseados y sin problemas. NEWCO apoya el cambio de residencia desde la fase de planificaci\u00f3n hasta su llegada a Portugal.<\/p>\n<p>SERVICIOS LEGALES, FISCALES Y FINANCIEROS<br \/>\nNos aseguramos de que su contabilidad personal y cumplimiento tributario est\u00e9n regularizados. Apoyamos la introducci\u00f3n a bancos y compa\u00f1\u00edas de seguros, abogados, asesores fiscales y asesores financieros.<\/p>\n<p>ASISTENCIA PERSONAL Y OTROS SERVICIOS<br \/>\nAyudamos a encontrar los mejores servicios m\u00e9dicos, seguro de salud y registro en el Sistema de Salud portugu\u00e9s. Asistimos en la compra de autom\u00f3viles y la requisici\u00f3n de servicios de transporte. Tambi\u00e9n cuente con nosotros para estar de su lado en el proceso de integraci\u00f3n cultural, \u00a1para que se sienta r\u00e1pidamente como en casa! Ayudamos en la identificaci\u00f3n y contacto con colegios nacionales e internacionales, asegurando la formaci\u00f3n cualificada y la integraci\u00f3n escolar, as\u00ed como indicamos clubes deportivos y entidades con actividades l\u00fadicas. Para que pueda mantener sus pasatiempos y continuar con las actividades extracurriculares de sus hijos.<\/p>\n<\/div><\/div><style type=\"text\/css\">.fusion-body .fusion-builder-column-1{width:60% !important;margin-top : 0px;margin-bottom : 0px;}.fusion-builder-column-1 > .fusion-column-wrapper {padding-top : 100px !important;padding-right : 10% !important;margin-right : 3.84%;padding-bottom : 100px !important;padding-left : 10% !important;margin-left : 3.2%;}@media only screen and (max-width:1024px) {.fusion-body .fusion-builder-column-1{width:100% !important;}.fusion-builder-column-1 > .fusion-column-wrapper {margin-right : 1.92%;margin-left : 1.92%;}}@media only screen and (max-width:640px) {.fusion-body .fusion-builder-column-1{width:100% !important;}.fusion-builder-column-1 > .fusion-column-wrapper {margin-right : 1.92%;margin-left : 1.92%;}}<\/style><\/div><div class=\"fusion-layout-column fusion_builder_column fusion-builder-column-2 fusion_builder_column_2_5 2_5 fusion-flex-column\"><div class=\"fusion-column-wrapper fusion-flex-justify-content-flex-start fusion-content-layout-column\" style=\"background-position:left top;background-repeat:no-repeat;-webkit-background-size:cover;-moz-background-size:cover;-o-background-size:cover;background-size:cover;background-color:var(--awb-color2);padding: 100px 10% 100px 10%;\"><div class=\"fusion-widget-area fusion-widget-area-1 fusion-content-widget-area\"><style type=\"text\/css\">.fusion-widget-area-1 {padding:0px 0px 0px 0px;}.fusion-widget-area-1 .widget h4 {color:var(--awb-color7);}.fusion-widget-area-1 .widget .heading h4 {color:var(--awb-color7);}.fusion-widget-area-1 .widget h4 {font-size:18px;}.fusion-widget-area-1 .widget .heading h4 {font-size:18px;}<\/style><div id=\"nav_menu-2\" class=\"widget widget_nav_menu\" style=\"border-style: solid;border-color:transparent;border-width:0px;\"><div class=\"menu-servicos-lg-espanhol-container\"><ul id=\"menu-servicos-lg-espanhol\" class=\"menu\"><li id=\"menu-item-2092\" class=\"menu-item menu-item-type-post_type menu-item-object-page menu-item-2092\"><a href=\"https:\/\/www.lidergest.pt\/es\/servicios\/constitucion-de-sociedades\/\">Constituci\u00c3\u00b3n de Sociedades<\/a><\/li>\n<li id=\"menu-item-2093\" class=\"menu-item menu-item-type-post_type menu-item-object-page menu-item-2093\"><a href=\"https:\/\/www.lidergest.pt\/es\/servicios\/gestion-empresarial\/\">Gesti\u00f3n empresarial<\/a><\/li>\n<li id=\"menu-item-2094\" class=\"menu-item menu-item-type-post_type menu-item-object-page menu-item-2094\"><a href=\"https:\/\/www.lidergest.pt\/es\/servicios\/oficinas-y-despachos\/\">Oficinas y Despachos<\/a><\/li>\n<li id=\"menu-item-2095\" class=\"menu-item menu-item-type-post_type menu-item-object-page menu-item-2095\"><a href=\"https:\/\/www.lidergest.pt\/es\/servicios\/contabilidad-y-cumplimiento-tributario\/\">Contabilidad y Cumplimiento Tributario<\/a><\/li>\n<li id=\"menu-item-2096\" class=\"menu-item menu-item-type-post_type menu-item-object-page menu-item-2096\"><a href=\"https:\/\/www.lidergest.pt\/es\/servicios\/servicios-de-reubicacion\/\">Servicios de reubicaci\u00f3n<\/a><\/li>\n<li id=\"menu-item-2097\" class=\"menu-item menu-item-type-post_type menu-item-object-page menu-item-2097\"><a href=\"https:\/\/www.lidergest.pt\/es\/servicios\/servicios-de-consultoria\/\">Servicios de Consultor\u00eda<\/a><\/li>\n<\/ul><\/div><\/div><div class=\"fusion-additional-widget-content\"><\/div><\/div><\/div><style type=\"text\/css\">.fusion-body .fusion-builder-column-2{width:40% !important;margin-top : 50px;margin-bottom : 50px;}.fusion-builder-column-2 > .fusion-column-wrapper {padding-top : 100px !important;padding-right : 10% !important;margin-right : 4.8%;padding-bottom : 100px !important;padding-left : 10% !important;margin-left : 3.84%;}@media only screen and (max-width:1024px) {.fusion-body .fusion-builder-column-2{width:100% !important;order : 0;}.fusion-builder-column-2 > .fusion-column-wrapper {margin-right : 1.92%;margin-left : 1.92%;}}@media only screen and (max-width:640px) {.fusion-body .fusion-builder-column-2{width:100% !important;order : 0;}.fusion-builder-column-2 > .fusion-column-wrapper {margin-right : 1.92%;margin-left : 1.92%;}}<\/style><\/div><\/div><style type=\"text\/css\">.fusion-body .fusion-flex-container.fusion-builder-row-2{ padding-top : 0px;margin-top : 0px;padding-right : 0px;padding-bottom : 0px;margin-bottom : 0px;padding-left : 0px;}<\/style><\/div><\/div><div id=\"contact\"><div class=\"fusion-fullwidth fullwidth-box fusion-builder-row-3 fusion-flex-container hundred-percent-fullwidth non-hundred-percent-height-scrolling\" style=\"background-color: rgba(255,255,255,0);background-position: left top;background-repeat: no-repeat;border-width: 0px 0px 0px 0px;border-color:var(--awb-color3);border-style:solid;\" ><div class=\"fusion-builder-row fusion-row fusion-flex-align-items-stretch\" style=\"width:104% !important;max-width:104% !important;margin-left: calc(-4% \/ 2 );margin-right: calc(-4% \/ 2 );\"><div class=\"fusion-layout-column fusion_builder_column fusion-builder-column-3 fusion_builder_column_3_5 3_5 fusion-flex-column\"><div class=\"fusion-column-wrapper fusion-flex-justify-content-flex-start fusion-content-layout-column\" style=\"background-position:left top;background-blend-mode: overlay;background-repeat:no-repeat;-webkit-background-size:cover;-moz-background-size:cover;-o-background-size:cover;background-size:cover;padding: 100px 10% 100px 10%;\"><div ><style>.fusion-button.button-1{border-radius:2px 2px 2px 2px;}<\/style><a class=\"fusion-button button-flat fusion-button-default-size button-default button-1 fusion-button-default-span fusion-button-default-type\" target=\"_self\" href=\"https:\/\/www.lidergest.pt\/contactos\/\" style=\"width:calc(100%);\"><span class=\"fusion-button-text\">Cont\u00e1ctanos para m\u00e1s informaci\u00f3n<\/span><\/a><\/div><\/div><style type=\"text\/css\">.fusion-body .fusion-builder-column-3{width:60% !important;margin-top : 0px;margin-bottom : 0px;}.fusion-builder-column-3 > .fusion-column-wrapper {padding-top : 100px !important;padding-right : 10% !important;margin-right : 3.84%;padding-bottom : 100px !important;padding-left : 10% !important;margin-left : 3.2%;}@media only screen and (max-width:1024px) {.fusion-body .fusion-builder-column-3{width:100% !important;}.fusion-builder-column-3 > .fusion-column-wrapper {margin-right : 1.92%;margin-left : 1.92%;}}@media only screen and (max-width:640px) {.fusion-body .fusion-builder-column-3{width:100% !important;}.fusion-builder-column-3 > .fusion-column-wrapper {margin-right : 1.92%;margin-left : 1.92%;}}<\/style><\/div><\/div><style type=\"text\/css\">.fusion-body .fusion-flex-container.fusion-builder-row-3{ padding-top : 0px;margin-top : 0px;padding-right : 0px;padding-bottom : 0px;margin-bottom : 0px;padding-left : 0px;}<\/style><\/div><\/div><\/p>\n","protected":false},"excerpt":{"rendered":"","protected":false},"author":1,"featured_media":0,"parent":2008,"menu_order":5,"comment_status":"closed","ping_status":"closed","template":"100-width.php","meta":{"footnotes":""},"class_list":["post-2054","page","type-page","status-publish","hentry"],"_links":{"self":[{"href":"https:\/\/www.lidergest.pt\/es\/wp-json\/wp\/v2\/pages\/2054","targetHints":{"allow":["GET"]}}],"collection":[{"href":"https:\/\/www.lidergest.pt\/es\/wp-json\/wp\/v2\/pages"}],"about":[{"href":"https:\/\/www.lidergest.pt\/es\/wp-json\/wp\/v2\/types\/page"}],"author":[{"embeddable":true,"href":"https:\/\/www.lidergest.pt\/es\/wp-json\/wp\/v2\/users\/1"}],"replies":[{"embeddable":true,"href":"https:\/\/www.lidergest.pt\/es\/wp-json\/wp\/v2\/comments?post=2054"}],"version-history":[{"count":5,"href":"https:\/\/www.lidergest.pt\/es\/wp-json\/wp\/v2\/pages\/2054\/revisions"}],"predecessor-version":[{"id":2476,"href":"https:\/\/www.lidergest.pt\/es\/wp-json\/wp\/v2\/pages\/2054\/revisions\/2476"}],"up":[{"embeddable":true,"href":"https:\/\/www.lidergest.pt\/es\/wp-json\/wp\/v2\/pages\/2008"}],"wp:attachment":[{"href":"https:\/\/www.lidergest.pt\/es\/wp-json\/wp\/v2\/media?parent=2054"}],"curies":[{"name":"wp","href":"https:\/\/api.w.org\/{rel}","templated":true}]}}