{"id":1910,"date":"2015-12-14T04:10:10","date_gmt":"2015-12-14T04:10:10","guid":{"rendered":"https:\/\/www.lidergest.pt\/presentacion\/"},"modified":"2024-01-04T19:09:43","modified_gmt":"2024-01-04T19:09:43","slug":"presentacion","status":"publish","type":"page","link":"https:\/\/www.lidergest.pt\/es\/presentacion\/","title":{"rendered":"Presentaci\u00f3n"},"content":{"rendered":"<p><div class=\"fusion-bg-parallax\" data-bg-align=\"center top\" data-direction=\"down\" data-mute=\"false\" data-opacity=\"100\" data-velocity=\"-0.4\" data-mobile-enabled=\"false\" data-break_parents=\"0\" data-bg-image=\"https:\/\/www.lidergest.pt\/wp-content\/uploads\/2022\/04\/checking-data-laptop-scaled.jpg\" data-bg-repeat=\"false\" ><\/div><div class=\"fusion-fullwidth fullwidth-box fusion-builder-row-1 fusion-flex-container fusion-parallax-down nonhundred-percent-fullwidth non-hundred-percent-height-scrolling lazyload\" style=\"background-color: rgba(255,255,255,0);background-position: center top;background-repeat: no-repeat;border-width: 0px 0px 0px 0px;border-color:var(--awb-color3);border-style:solid;-webkit-background-size:cover;-moz-background-size:cover;-o-background-size:cover;background-size:cover;\" data-bg=\"https:\/\/www.lidergest.pt\/wp-content\/uploads\/2022\/04\/checking-data-laptop-scaled.jpg\" ><div class=\"fusion-builder-row fusion-row fusion-flex-align-items-flex-start\" style=\"max-width:calc( 1170px + 0px );margin-left: calc(-0px \/ 2 );margin-right: calc(-0px \/ 2 );\"><div class=\"fusion-layout-column fusion_builder_column fusion-builder-column-0 fusion_builder_column_1_1 1_1 fusion-flex-column\"><div class=\"fusion-column-wrapper fusion-flex-justify-content-flex-start fusion-content-layout-column\" style=\"background-position:left top;background-blend-mode: overlay;background-repeat:no-repeat;-webkit-background-size:cover;-moz-background-size:cover;-o-background-size:cover;background-size:cover;padding: 0px 0px 0px 0px;\"><style type=\"text\/css\">@media only screen and (max-width:1024px) {.fusion-title.fusion-title-1{margin-top:20px!important;margin-right:!important;margin-bottom:!important; margin-left:!important;}}@media only screen and (max-width:640px) {.fusion-title.fusion-title-1{margin-top:0px!important; margin-right:0px!important;margin-bottom:20px!important; margin-left:0px!important;}}<\/style><div class=\"fusion-title title fusion-title-1 fusion-sep-none fusion-title-center fusion-title-text fusion-title-size-one\" style=\"margin-top:50px;margin-right:0px;margin-bottom:30px;margin-left:0px;\"><h1 class=\"title-heading-center fusion-responsive-typography-calculated\" style=\"margin:0;color:var(--awb-color1);--fontSize:46;line-height:var(--awb-typography1-line-height);\"><span style=\"color: var(--awb-color4);\">Consultor\u00eda con<\/span>table<\/h1><\/div><div class=\"fusion-text fusion-text-1\" style=\"text-align:center;font-size:26px;line-height:36px;color:var(--awb-color1);\"><p>Creamos valor para nuestros clientes y superamos sus expectativas.<\/p>\n<\/div><div style=\"text-align:center;\"><style>.fusion-button.button-1{border-radius:2px 2px 2px 2px;}<\/style><a class=\"fusion-button button-flat fusion-button-default-size button-default button-1 fusion-button-span-no fusion-button-default-type\" target=\"_self\" href=\"https:\/\/www.lidergest.pt\/contactos\/\" style=\"margin-top:20px;\"><span class=\"fusion-button-text\">Contacte con nosotros<\/span><\/a><\/div><\/div><style type=\"text\/css\">.fusion-body .fusion-builder-column-0{width:100% !important;margin-top : 0px;margin-bottom : 30px;}.fusion-builder-column-0 > .fusion-column-wrapper {padding-top : 0px !important;padding-right : 0px !important;margin-right : 0px;padding-bottom : 0px !important;padding-left : 0px !important;margin-left : 0px;}@media only screen and (max-width:1024px) {.fusion-body .fusion-builder-column-0{width:100% !important;}.fusion-builder-column-0 > .fusion-column-wrapper {margin-right : 0px;margin-left : 0px;}}@media only screen and (max-width:640px) {.fusion-body .fusion-builder-column-0{width:100% !important;}.fusion-builder-column-0 > .fusion-column-wrapper {margin-right : 0px;margin-left : 0px;}}<\/style><\/div><\/div><style type=\"text\/css\">.fusion-body .fusion-flex-container.fusion-builder-row-1{ padding-top : 10%;margin-top : 0px;padding-right : 5%;padding-bottom : 10%;margin-bottom : 0px;padding-left : 5%;}<\/style><\/div><div class=\"fusion-fullwidth fullwidth-box fusion-builder-row-2 fusion-flex-container nonhundred-percent-fullwidth non-hundred-percent-height-scrolling\" style=\"background-color: rgba(255,255,255,0);background-position: left top;background-repeat: no-repeat;border-width: 0px 0px 0px 0px;border-color:var(--awb-color3);border-style:solid;\" ><div class=\"fusion-builder-row fusion-row fusion-flex-align-items-stretch\" style=\"max-width:calc( 1170px + 0px );margin-left: calc(-0px \/ 2 );margin-right: calc(-0px \/ 2 );\"><div class=\"fusion-layout-column fusion_builder_column fusion-builder-column-1 fusion_builder_column_1_2 1_2 fusion-flex-column\"><div class=\"fusion-column-wrapper fusion-flex-justify-content-flex-start fusion-content-layout-column\" style=\"background-position:left top;background-blend-mode: overlay;background-repeat:no-repeat;-webkit-background-size:cover;-moz-background-size:cover;-o-background-size:cover;background-size:cover;padding: 13% 13% 13% 13%;\"><style type=\"text\/css\">@media only screen and (max-width:1024px) {.fusion-title.fusion-title-2{margin-top:0px!important; margin-right:0px!important;margin-bottom:30px!important;margin-left:0px!important;}}@media only screen and (max-width:640px) {.fusion-title.fusion-title-2{margin-top:0px!important; margin-right:0px!important;margin-bottom:20px!important; margin-left:0px!important;}}<\/style><div class=\"fusion-title title fusion-title-2 fusion-sep-none fusion-title-text fusion-title-size-two\" style=\"margin-top:0px;margin-right:0px;margin-bottom:30px;margin-left:0px;\"><h2 class=\"title-heading-left fusion-responsive-typography-calculated\" style=\"margin:0;--fontSize:46;line-height:1.25;\"><p style=\"text-align: left;\">Presentaci\u00f3n<\/p><\/h2><\/div><div class=\"fusion-text fusion-text-2\"><p style=\"text-align: justify;\">Lidergest es hoy una organizaci\u00f3n, atenta a la realidad de las empresas e instituciones, su contexto socioecon\u00f3mico y los retos y oportunidades que encuentran en los diferentes mercados donde operan.<br \/>\nPretendemos ser reconocidos por la excelencia de los servicios que prestamos y buscamos, en todo momento, crear valor para nuestros clientes y superar sus expectativas.<br \/>\nEstamos decididos a contribuir de manera decisiva a la promoci\u00f3n y desarrollo de los proyectos y negocios de nuestros clientes, contando con la determinaci\u00f3n y el compromiso de un vasto y multidisciplinar equipo de profesionales, que trabajan en las m\u00e1s diferentes \u00e1reas de la gesti\u00f3n.<br \/>\nNos enorgullecemos de apoyar a nuestros clientes en la gesti\u00f3n de su negocio, a trav\u00e9s de la oferta integrada de servicios y soluciones que promueven la excelencia de la informaci\u00f3n financiera y la mejora de los procesos de toma de decisiones. Creemos que podemos desempe\u00f1ar un papel decisivo para garantizar la sostenibilidad y apoyar el crecimiento de la actividad de nuestros clientes.<\/p>\n<\/div><\/div><style type=\"text\/css\">.fusion-body .fusion-builder-column-1{width:50% !important;margin-top : 0px;margin-bottom : 0px;}.fusion-builder-column-1 > .fusion-column-wrapper {padding-top : 13% !important;padding-right : 13% !important;margin-right : 0px;padding-bottom : 13% !important;padding-left : 13% !important;margin-left : 0px;}@media only screen and (max-width:1024px) {.fusion-body .fusion-builder-column-1{width:100% !important;}.fusion-builder-column-1 > .fusion-column-wrapper {margin-right : 0px;margin-left : 0px;}}@media only screen and (max-width:640px) {.fusion-body .fusion-builder-column-1{width:100% !important;}.fusion-builder-column-1 > .fusion-column-wrapper {margin-right : 0px;margin-left : 0px;}}<\/style><\/div><div class=\"fusion-layout-column fusion_builder_column fusion-builder-column-2 fusion_builder_column_1_2 1_2 fusion-flex-column\"><div class=\"fusion-column-wrapper fusion-flex-justify-content-flex-start fusion-content-layout-column\" style=\"background-position:left top;background-blend-mode: overlay;background-repeat:no-repeat;-webkit-background-size:cover;-moz-background-size:cover;-o-background-size:cover;background-size:cover;padding: 13% 13% 13% 13%;\"><\/div><style type=\"text\/css\">.fusion-body .fusion-builder-column-2{width:50% !important;margin-top : 0px;margin-bottom : 0px;}.fusion-builder-column-2 > .fusion-column-wrapper {padding-top : 13% !important;padding-right : 13% !important;margin-right : 0px;padding-bottom : 13% !important;padding-left : 13% !important;margin-left : 0px;}@media only screen and (max-width:1024px) {.fusion-body .fusion-builder-column-2{width:100% !important;}.fusion-builder-column-2 > .fusion-column-wrapper {margin-right : 0px;margin-left : 0px;}}@media only screen and (max-width:640px) {.fusion-body .fusion-builder-column-2{width:100% !important;}.fusion-builder-column-2 > .fusion-column-wrapper {margin-right : 0px;margin-left : 0px;}}<\/style><\/div><\/div><style type=\"text\/css\">.fusion-body .fusion-flex-container.fusion-builder-row-2{ padding-top : 50px;margin-top : 0px;padding-right : 0px;padding-bottom : 50px;margin-bottom : 0px;padding-left : 0px;}<\/style><\/div><div class=\"fusion-fullwidth fullwidth-box fusion-builder-row-3 fusion-flex-container nonhundred-percent-fullwidth non-hundred-percent-height-scrolling\" style=\"background-color: rgba(255,255,255,0);background-position: left top;background-repeat: no-repeat;border-width: 0px 0px 0px 0px;border-color:var(--awb-color3);border-style:solid;\" ><div class=\"fusion-builder-row fusion-row fusion-flex-align-items-stretch\" style=\"max-width:calc( 1170px + 0px );margin-left: calc(-0px \/ 2 );margin-right: calc(-0px \/ 2 );\"><div class=\"fusion-layout-column fusion_builder_column fusion-builder-column-3 fusion_builder_column_1_1 1_1 fusion-flex-column\"><div class=\"fusion-column-wrapper fusion-flex-justify-content-flex-start fusion-content-layout-column\" style=\"background-position:center center;background-blend-mode: overlay;background-repeat:no-repeat;-webkit-background-size:cover;-moz-background-size:cover;-o-background-size:cover;background-size:cover;padding: 13% 8% 13% 8%;\"><style type=\"text\/css\">@media only screen and (max-width:1024px) {.fusion-title.fusion-title-3{margin-top:0px!important; margin-right:0px!important;margin-bottom:30px!important;margin-left:0px!important;}}@media only screen and (max-width:640px) {.fusion-title.fusion-title-3{margin-top:0px!important; margin-right:0px!important;margin-bottom:20px!important; margin-left:0px!important;}}<\/style><div class=\"fusion-title title fusion-title-3 fusion-sep-none fusion-title-text fusion-title-size-two\" style=\"margin-top:0px;margin-right:0px;margin-bottom:30px;margin-left:0px;\"><h2 class=\"title-heading-left fusion-responsive-typography-calculated\" style=\"margin:0;--fontSize:46;line-height:1.25;\"><p style=\"text-align: left;\">Nuestra Misi\u00f3n y Valores<\/p><\/h2><\/div><style type=\"text\/css\">#accordion-1910-1 .fusion-panel:hover{ border-color: hsla(var(--awb-color3-h),calc( var(--awb-color3-s) + 3% ),var(--awb-color3-l),var(--awb-color3-a)) } #accordion-1910-1 .fusion-panel { border-color:hsla(var(--awb-color3-h),calc( var(--awb-color3-s) + 3% ),var(--awb-color3-l),var(--awb-color3-a)); }.fusion-accordian  #accordion-1910-1 .panel-title a .fa-fusion-box{ color: var(--awb-color1);}.fusion-accordian  #accordion-1910-1 .panel-title a .fa-fusion-box:before{ font-size: 13px; width: 13px;}.fusion-accordian  #accordion-1910-1 .panel-title a{font-size:20px;color:hsla(var(--awb-color8-h),var(--awb-color8-s),calc( var(--awb-color8-l) - 3% ),var(--awb-color8-a));font-family:\"Source Sans Pro\";font-weight:300;}.fusion-accordian  #accordion-1910-1 .toggle-content{font-size:17px;color:var(--awb-color6);font-family:\"Source Sans Pro\";font-weight:300;}.fusion-accordian  #accordion-1910-1 .fa-fusion-box { background-color: var(--awb-color8);border-color: var(--awb-color8);}.fusion-accordian  #accordion-1910-1 .panel-title a:not(.active):hover, #accordion-1910-1 .fusion-toggle-boxed-mode:hover .panel-title a { color: var(--awb-color4);}.fusion-accordian  #accordion-1910-1 .panel-title .active .fa-fusion-box,.fusion-accordian  #accordion-1910-1 .panel-title a:not(.active):hover .fa-fusion-box { background-color: var(--awb-color4)!important;border-color: var(--awb-color4)!important;}<\/style><div class=\"accordian fusion-accordian\"><div class=\"panel-group\" id=\"accordion-1910-1\"><style type=\"text\/css\">.fusion-accordian  #accordion-1910-1 .panel-d19634eedf0eb5d63 .panel-title a{}.fusion-accordian  #accordion-1910-1 .panel-d19634eedf0eb5d63 .toggle-content{}<\/style><div class=\"fusion-panel panel-default panel-d19634eedf0eb5d63\"><div class=\"panel-heading\"><h4 class=\"panel-title toggle\"><a class=\"active\" aria-expanded=\"true\" aria-controls=\"d19634eedf0eb5d63\" role=\"button\" data-toggle=\"collapse\" data-parent=\"#accordion-1910-1\" data-target=\"#d19634eedf0eb5d63\" href=\"#d19634eedf0eb5d63\"><span class=\"fusion-toggle-icon-wrapper\" aria-hidden=\"true\"><i class=\"fa-fusion-box active-icon awb-icon-minus\" aria-hidden=\"true\"><\/i><i class=\"fa-fusion-box inactive-icon awb-icon-plus\" aria-hidden=\"true\"><\/i><\/span><span class=\"fusion-toggle-heading\">VISI\u00d3N<\/span><\/a><\/h4><\/div><div id=\"d19634eedf0eb5d63\" class=\"panel-collapse collapse in\"><div class=\"panel-body toggle-content fusion-clearfix\">\n<p>Lidergest se distingue por la excelencia <em><br \/>\n  <strong>de los servicios <\/strong><br \/>\n<\/em>prestados y que busca, en todo momento,<em><br \/>\n  <strong> crear valor <\/strong><br \/>\n<\/em>a sus clientes y superar sus expectativas.<\/p>\n<\/div><\/div><\/div><style type=\"text\/css\">.fusion-accordian  #accordion-1910-1 .panel-d3f4cfd5ba41eb7db .panel-title a{}.fusion-accordian  #accordion-1910-1 .panel-d3f4cfd5ba41eb7db .toggle-content{}<\/style><div class=\"fusion-panel panel-default panel-d3f4cfd5ba41eb7db\"><div class=\"panel-heading\"><h4 class=\"panel-title toggle\"><a aria-expanded=\"false\" aria-controls=\"d3f4cfd5ba41eb7db\" role=\"button\" data-toggle=\"collapse\" data-parent=\"#accordion-1910-1\" data-target=\"#d3f4cfd5ba41eb7db\" href=\"#d3f4cfd5ba41eb7db\"><span class=\"fusion-toggle-icon-wrapper\" aria-hidden=\"true\"><i class=\"fa-fusion-box active-icon awb-icon-minus\" aria-hidden=\"true\"><\/i><i class=\"fa-fusion-box inactive-icon awb-icon-plus\" aria-hidden=\"true\"><\/i><\/span><span class=\"fusion-toggle-heading\">MISI\u00d3N<\/span><\/a><\/h4><\/div><div id=\"d3f4cfd5ba41eb7db\" class=\"panel-collapse collapse \"><div class=\"panel-body toggle-content fusion-clearfix\">\n<p>Nuestra misi\u00f3n es <em><br \/>\n  <strong>apoyar de <\/strong><br \/>\n<\/em>manera dedicada el desarrollo de los proyectos y negocios de nuestros clientes, a trav\u00e9s de una prestaci\u00f3n de servicios integrada y excelente,<\/p>\n<\/div><\/div><\/div><style type=\"text\/css\">.fusion-accordian  #accordion-1910-1 .panel-ea84910bd83dbaf28 .panel-title a{}.fusion-accordian  #accordion-1910-1 .panel-ea84910bd83dbaf28 .toggle-content{}<\/style><div class=\"fusion-panel panel-default panel-ea84910bd83dbaf28\"><div class=\"panel-heading\"><h4 class=\"panel-title toggle\"><a aria-expanded=\"false\" aria-controls=\"ea84910bd83dbaf28\" role=\"button\" data-toggle=\"collapse\" data-parent=\"#accordion-1910-1\" data-target=\"#ea84910bd83dbaf28\" href=\"#ea84910bd83dbaf28\"><span class=\"fusion-toggle-icon-wrapper\" aria-hidden=\"true\"><i class=\"fa-fusion-box active-icon awb-icon-minus\" aria-hidden=\"true\"><\/i><i class=\"fa-fusion-box inactive-icon awb-icon-plus\" aria-hidden=\"true\"><\/i><\/span><span class=\"fusion-toggle-heading\">VALORES<\/span><\/a><\/h4><\/div><div id=\"ea84910bd83dbaf28\" class=\"panel-collapse collapse \"><div class=\"panel-body toggle-content fusion-clearfix\">\n<p>Compartimos un conjunto de valores fundamentales que definen nuestra identidad y gu\u00edan las acciones y comportamientos de nuestros empleados.<br \/>\nNuestros valores consisten en un conjunto de principios y est\u00e1ndares de conducta que determinan c\u00f3mo brindamos nuestros servicios y c\u00f3mo presentamos soluciones a nuestros clientes.<\/p>\n<\/div><\/div><\/div><style type=\"text\/css\">.fusion-accordian  #accordion-1910-1 .panel-53866928e4bce54a6 .panel-title a{}.fusion-accordian  #accordion-1910-1 .panel-53866928e4bce54a6 .toggle-content{}<\/style><div class=\"fusion-panel panel-default panel-53866928e4bce54a6\"><div class=\"panel-heading\"><h4 class=\"panel-title toggle\"><a aria-expanded=\"false\" aria-controls=\"53866928e4bce54a6\" role=\"button\" data-toggle=\"collapse\" data-parent=\"#accordion-1910-1\" data-target=\"#53866928e4bce54a6\" href=\"#53866928e4bce54a6\"><span class=\"fusion-toggle-icon-wrapper\" aria-hidden=\"true\"><i class=\"fa-fusion-box active-icon awb-icon-minus\" aria-hidden=\"true\"><\/i><i class=\"fa-fusion-box inactive-icon awb-icon-plus\" aria-hidden=\"true\"><\/i><\/span><span class=\"fusion-toggle-heading\">INTEGRIDAD<\/span><\/a><\/h4><\/div><div id=\"53866928e4bce54a6\" class=\"panel-collapse collapse \"><div class=\"panel-body toggle-content fusion-clearfix\">\n<p>Estamos decididos a cumplir siempre con altos est\u00e1ndares de integridad, basados en par\u00e1metros de alto rigor y transparencia. Estos son supuestos inalienables en la relaci\u00f3n que hemos establecido con nuestros clientes y socios comerciales.<\/p>\n<\/div><\/div><\/div><style type=\"text\/css\">.fusion-accordian  #accordion-1910-1 .panel-101a77d7927b98ca7 .panel-title a{}.fusion-accordian  #accordion-1910-1 .panel-101a77d7927b98ca7 .toggle-content{}<\/style><div class=\"fusion-panel panel-default panel-101a77d7927b98ca7\"><div class=\"panel-heading\"><h4 class=\"panel-title toggle\"><a aria-expanded=\"false\" aria-controls=\"101a77d7927b98ca7\" role=\"button\" data-toggle=\"collapse\" data-parent=\"#accordion-1910-1\" data-target=\"#101a77d7927b98ca7\" href=\"#101a77d7927b98ca7\"><span class=\"fusion-toggle-icon-wrapper\" aria-hidden=\"true\"><i class=\"fa-fusion-box active-icon awb-icon-minus\" aria-hidden=\"true\"><\/i><i class=\"fa-fusion-box inactive-icon awb-icon-plus\" aria-hidden=\"true\"><\/i><\/span><span class=\"fusion-toggle-heading\">DEMANDA<\/span><\/a><\/h4><\/div><div id=\"101a77d7927b98ca7\" class=\"panel-collapse collapse \"><div class=\"panel-body toggle-content fusion-clearfix\">\n<p>Nos guiamos por una b\u00fasqueda incesante del conocimiento. Creemos que la clave de nuestro \u00e9xito radica en la formaci\u00f3n continua de nuestro personal y en la experiencia de una verdadera cultura de la demanda.<\/p>\n<\/div><\/div><\/div><style type=\"text\/css\">.fusion-accordian  #accordion-1910-1 .panel-c8791b0a3a9249cee .panel-title a{}.fusion-accordian  #accordion-1910-1 .panel-c8791b0a3a9249cee .toggle-content{}<\/style><div class=\"fusion-panel panel-default panel-c8791b0a3a9249cee\"><div class=\"panel-heading\"><h4 class=\"panel-title toggle\"><a aria-expanded=\"false\" aria-controls=\"c8791b0a3a9249cee\" role=\"button\" data-toggle=\"collapse\" data-parent=\"#accordion-1910-1\" data-target=\"#c8791b0a3a9249cee\" href=\"#c8791b0a3a9249cee\"><span class=\"fusion-toggle-icon-wrapper\" aria-hidden=\"true\"><i class=\"fa-fusion-box active-icon awb-icon-minus\" aria-hidden=\"true\"><\/i><i class=\"fa-fusion-box inactive-icon awb-icon-plus\" aria-hidden=\"true\"><\/i><\/span><span class=\"fusion-toggle-heading\">CREACI\u00d3N DE VALOR<\/span><\/a><\/h4><\/div><div id=\"c8791b0a3a9249cee\" class=\"panel-collapse collapse \"><div class=\"panel-body toggle-content fusion-clearfix\">\n<p>Nuestro objetivo en todo momento es superar las expectativas de nuestros clientes, empleados y socios, buscando crear valor a trav\u00e9s de una postura din\u00e1mica, innovadora y centrada en soluciones.<\/p>\n<\/div><\/div><\/div><\/div><\/div><\/div><style type=\"text\/css\">.fusion-body .fusion-builder-column-3{width:100% !important;margin-top : 0px;margin-bottom : 0px;}.fusion-builder-column-3 > .fusion-column-wrapper {padding-top : 13% !important;padding-right : 8% !important;margin-right : 0px;padding-bottom : 13% !important;padding-left : 8% !important;margin-left : 0px;}@media only screen and (max-width:1024px) {.fusion-body .fusion-builder-column-3{width:100% !important;order : 0;}.fusion-builder-column-3 > .fusion-column-wrapper {margin-right : 0px;margin-left : 0px;}}@media only screen and (max-width:640px) {.fusion-body .fusion-builder-column-3{width:100% !important;order : 0;}.fusion-builder-column-3 > .fusion-column-wrapper {margin-right : 0px;margin-left : 0px;}}<\/style><\/div><\/div><style type=\"text\/css\">.fusion-body .fusion-flex-container.fusion-builder-row-3{ padding-top : 0px;margin-top : 0px;padding-right : 0px;padding-bottom : 0px;margin-bottom : 0px;padding-left : 0px;}<\/style><\/div><\/p>\n","protected":false},"excerpt":{"rendered":"","protected":false},"author":1,"featured_media":0,"parent":0,"menu_order":0,"comment_status":"closed","ping_status":"closed","template":"100-width.php","meta":{"footnotes":""},"class_list":["post-1910","page","type-page","status-publish","hentry"],"_links":{"self":[{"href":"https:\/\/www.lidergest.pt\/es\/wp-json\/wp\/v2\/pages\/1910","targetHints":{"allow":["GET"]}}],"collection":[{"href":"https:\/\/www.lidergest.pt\/es\/wp-json\/wp\/v2\/pages"}],"about":[{"href":"https:\/\/www.lidergest.pt\/es\/wp-json\/wp\/v2\/types\/page"}],"author":[{"embeddable":true,"href":"https:\/\/www.lidergest.pt\/es\/wp-json\/wp\/v2\/users\/1"}],"replies":[{"embeddable":true,"href":"https:\/\/www.lidergest.pt\/es\/wp-json\/wp\/v2\/comments?post=1910"}],"version-history":[{"count":9,"href":"https:\/\/www.lidergest.pt\/es\/wp-json\/wp\/v2\/pages\/1910\/revisions"}],"predecessor-version":[{"id":2551,"href":"https:\/\/www.lidergest.pt\/es\/wp-json\/wp\/v2\/pages\/1910\/revisions\/2551"}],"wp:attachment":[{"href":"https:\/\/www.lidergest.pt\/es\/wp-json\/wp\/v2\/media?parent=1910"}],"curies":[{"name":"wp","href":"https:\/\/api.w.org\/{rel}","templated":true}]}}